{"id":1738,"date":"2023-04-29T19:17:44","date_gmt":"2023-04-30T00:17:44","guid":{"rendered":"https:\/\/freeportlogistics.co\/?page_id=1738"},"modified":"2026-02-03T19:43:13","modified_gmt":"2026-02-04T00:43:13","slug":"polizas-de-seguro","status":"publish","type":"page","link":"https:\/\/freeportlogistics.co\/index.php\/polizas-de-seguro\/","title":{"rendered":"P\u00f3lizas de seguro"},"content":{"rendered":"\t\t<div data-elementor-type=\"wp-page\" data-elementor-id=\"1738\" class=\"elementor elementor-1738\">\n\t\t\t\t\t\t\t\t\t<section class=\"elementor-section elementor-top-section elementor-element elementor-element-a48b2ca elementor-section-height-min-height elementor-section-boxed elementor-section-height-default elementor-section-items-middle\" data-id=\"a48b2ca\" data-element_type=\"section\" data-settings=\"{&quot;background_background&quot;:&quot;classic&quot;}\">\n\t\t\t\t\t\t\t<div class=\"elementor-background-overlay\"><\/div>\n\t\t\t\t\t\t\t<div class=\"elementor-container elementor-column-gap-default\">\n\t\t\t\t\t<div class=\"elementor-column elementor-col-100 elementor-top-column elementor-element elementor-element-c92e9dd\" data-id=\"c92e9dd\" data-element_type=\"column\">\n\t\t\t<div class=\"elementor-widget-wrap\">\n\t\t\t\t\t\t\t\t\t<\/div>\n\t\t<\/div>\n\t\t\t\t\t\t\t<\/div>\n\t\t<\/section>\n\t\t\t\t<section class=\"elementor-section elementor-top-section elementor-element elementor-element-6d970c5 elementor-section-boxed elementor-section-height-default elementor-section-height-default\" data-id=\"6d970c5\" data-element_type=\"section\">\n\t\t\t\t\t\t<div class=\"elementor-container elementor-column-gap-default\">\n\t\t\t\t\t<div class=\"elementor-column elementor-col-100 elementor-top-column elementor-element elementor-element-cc24c4a\" data-id=\"cc24c4a\" data-element_type=\"column\">\n\t\t\t<div class=\"elementor-widget-wrap elementor-element-populated\">\n\t\t\t\t\t\t\t\t<div class=\"elementor-element elementor-element-a4de1cd elementor-widget elementor-widget-text-editor\" data-id=\"a4de1cd\" data-element_type=\"widget\" data-widget_type=\"text-editor.default\">\n\t\t\t\t<div class=\"elementor-widget-container\">\n\t\t\t<style>\/*! elementor - v3.12.1 - 02-04-2023 *\/\n.elementor-widget-text-editor.elementor-drop-cap-view-stacked .elementor-drop-cap{background-color:#69727d;color:#fff}.elementor-widget-text-editor.elementor-drop-cap-view-framed .elementor-drop-cap{color:#69727d;border:3px solid;background-color:transparent}.elementor-widget-text-editor:not(.elementor-drop-cap-view-default) .elementor-drop-cap{margin-top:8px}.elementor-widget-text-editor:not(.elementor-drop-cap-view-default) .elementor-drop-cap-letter{width:1em;height:1em}.elementor-widget-text-editor .elementor-drop-cap{float:left;text-align:center;line-height:1;font-size:50px}.elementor-widget-text-editor .elementor-drop-cap-letter{display:inline-block}<\/style>\t\t\t\t<p>En un entorno log\u00edstico donde la seguridad de la carga es fundamental, ofrecemos un servicio de aseguramiento tanto a nivel nacional como internacional. Con nosotros, puedes proteger tu mercanc\u00eda ante cualquier imprevisto o siniestro, garantizando tu tranquilidad y seguridad.<\/p>\t\t\t\t\t\t<\/div>\n\t\t\t\t<\/div>\n\t\t\t\t\t<\/div>\n\t\t<\/div>\n\t\t\t\t\t\t\t<\/div>\n\t\t<\/section>\n\t\t\t\t<section class=\"elementor-section elementor-top-section elementor-element elementor-element-a9aff10 elementor-section-boxed elementor-section-height-default elementor-section-height-default\" data-id=\"a9aff10\" data-element_type=\"section\">\n\t\t\t\t\t\t\t<div class=\"elementor-background-overlay\"><\/div>\n\t\t\t\t\t\t\t<div class=\"elementor-container elementor-column-gap-default\">\n\t\t\t\t\t<div class=\"elementor-column elementor-col-100 elementor-top-column elementor-element elementor-element-91516c8\" data-id=\"91516c8\" data-element_type=\"column\">\n\t\t\t<div class=\"elementor-widget-wrap elementor-element-populated\">\n\t\t\t\t\t\t\t\t<div class=\"elementor-element elementor-element-370c841 elementor-widget elementor-widget-image\" data-id=\"370c841\" data-element_type=\"widget\" data-widget_type=\"image.default\">\n\t\t\t\t<div class=\"elementor-widget-container\">\n\t\t\t<style>\/*! elementor - v3.12.1 - 02-04-2023 *\/\n.elementor-widget-image{text-align:center}.elementor-widget-image a{display:inline-block}.elementor-widget-image a img[src$=\".svg\"]{width:48px}.elementor-widget-image img{vertical-align:middle;display:inline-block}<\/style>\t\t\t\t\t\t\t\t\t\t\t\t<img loading=\"lazy\" decoding=\"async\" width=\"1280\" height=\"721\" src=\"https:\/\/freeportlogistics.co\/wp-content\/uploads\/2026\/02\/IMG_10.jpg\" class=\"attachment-full size-full wp-image-3174\" alt=\"\" srcset=\"https:\/\/freeportlogistics.co\/wp-content\/uploads\/2026\/02\/IMG_10.jpg 1280w, https:\/\/freeportlogistics.co\/wp-content\/uploads\/2026\/02\/IMG_10-300x169.jpg 300w, https:\/\/freeportlogistics.co\/wp-content\/uploads\/2026\/02\/IMG_10-1024x577.jpg 1024w, https:\/\/freeportlogistics.co\/wp-content\/uploads\/2026\/02\/IMG_10-768x433.jpg 768w\" sizes=\"(max-width: 1280px) 100vw, 1280px\" \/>\t\t\t\t\t\t\t\t\t\t\t\t\t\t\t<\/div>\n\t\t\t\t<\/div>\n\t\t\t\t<div class=\"elementor-element elementor-element-497147d elementor-widget elementor-widget-text-editor\" data-id=\"497147d\" data-element_type=\"widget\" data-widget_type=\"text-editor.default\">\n\t\t\t\t<div class=\"elementor-widget-container\">\n\t\t\t\t\t\t\t<div class=\"elementor-element elementor-element-ef64ed2 elementor-widget elementor-widget-text-editor\" data-id=\"ef64ed2\" data-element_type=\"widget\" data-widget_type=\"text-editor.default\"><div class=\"elementor-widget-container\"><p><b>Nuestros diferenciales incluyen:<\/b><\/p><\/div><\/div><div class=\"elementor-element elementor-element-90b4d76 elementor-widget elementor-widget-text-editor\" data-id=\"90b4d76\" data-element_type=\"widget\" data-widget_type=\"text-editor.default\"><div class=\"elementor-widget-container\"><ul><li>Cobertura mundial de seguros, asegurando que tu mercanc\u00eda est\u00e9 protegida en cualquier parte del mundo donde se encuentre.<\/li><li>P\u00f3lizas personalizadas adaptadas a las necesidades espec\u00edficas de cada carga, asegurando una cobertura completa y adecuada.<\/li><li>Asesoramiento experto en temas de p\u00f3lizas y cobertura, brindando orientaci\u00f3n detallada para que nuestros clientes tomen decisiones acertadas en materia de seguros.<\/li><\/ul><\/div><\/div>\t\t\t\t\t\t<\/div>\n\t\t\t\t<\/div>\n\t\t\t\t<div class=\"elementor-element elementor-element-06bd56f elementor-widget-divider--view-line elementor-widget elementor-widget-divider\" data-id=\"06bd56f\" data-element_type=\"widget\" data-widget_type=\"divider.default\">\n\t\t\t\t<div class=\"elementor-widget-container\">\n\t\t\t<style>\/*! elementor - v3.12.1 - 02-04-2023 *\/\n.elementor-widget-divider{--divider-border-style:none;--divider-border-width:1px;--divider-color:#0c0d0e;--divider-icon-size:20px;--divider-element-spacing:10px;--divider-pattern-height:24px;--divider-pattern-size:20px;--divider-pattern-url:none;--divider-pattern-repeat:repeat-x}.elementor-widget-divider .elementor-divider{display:flex}.elementor-widget-divider .elementor-divider__text{font-size:15px;line-height:1;max-width:95%}.elementor-widget-divider .elementor-divider__element{margin:0 var(--divider-element-spacing);flex-shrink:0}.elementor-widget-divider .elementor-icon{font-size:var(--divider-icon-size)}.elementor-widget-divider .elementor-divider-separator{display:flex;margin:0;direction:ltr}.elementor-widget-divider--view-line_icon .elementor-divider-separator,.elementor-widget-divider--view-line_text .elementor-divider-separator{align-items:center}.elementor-widget-divider--view-line_icon .elementor-divider-separator:after,.elementor-widget-divider--view-line_icon .elementor-divider-separator:before,.elementor-widget-divider--view-line_text .elementor-divider-separator:after,.elementor-widget-divider--view-line_text .elementor-divider-separator:before{display:block;content:\"\";border-bottom:0;flex-grow:1;border-top:var(--divider-border-width) var(--divider-border-style) var(--divider-color)}.elementor-widget-divider--element-align-left .elementor-divider .elementor-divider-separator>.elementor-divider__svg:first-of-type{flex-grow:0;flex-shrink:100}.elementor-widget-divider--element-align-left .elementor-divider-separator:before{content:none}.elementor-widget-divider--element-align-left .elementor-divider__element{margin-left:0}.elementor-widget-divider--element-align-right .elementor-divider .elementor-divider-separator>.elementor-divider__svg:last-of-type{flex-grow:0;flex-shrink:100}.elementor-widget-divider--element-align-right .elementor-divider-separator:after{content:none}.elementor-widget-divider--element-align-right .elementor-divider__element{margin-right:0}.elementor-widget-divider:not(.elementor-widget-divider--view-line_text):not(.elementor-widget-divider--view-line_icon) .elementor-divider-separator{border-top:var(--divider-border-width) var(--divider-border-style) var(--divider-color)}.elementor-widget-divider--separator-type-pattern{--divider-border-style:none}.elementor-widget-divider--separator-type-pattern.elementor-widget-divider--view-line .elementor-divider-separator,.elementor-widget-divider--separator-type-pattern:not(.elementor-widget-divider--view-line) .elementor-divider-separator:after,.elementor-widget-divider--separator-type-pattern:not(.elementor-widget-divider--view-line) .elementor-divider-separator:before,.elementor-widget-divider--separator-type-pattern:not([class*=elementor-widget-divider--view]) .elementor-divider-separator{width:100%;min-height:var(--divider-pattern-height);-webkit-mask-size:var(--divider-pattern-size) 100%;mask-size:var(--divider-pattern-size) 100%;-webkit-mask-repeat:var(--divider-pattern-repeat);mask-repeat:var(--divider-pattern-repeat);background-color:var(--divider-color);-webkit-mask-image:var(--divider-pattern-url);mask-image:var(--divider-pattern-url)}.elementor-widget-divider--no-spacing{--divider-pattern-size:auto}.elementor-widget-divider--bg-round{--divider-pattern-repeat:round}.rtl .elementor-widget-divider .elementor-divider__text{direction:rtl}.e-con-inner>.elementor-widget-divider,.e-con>.elementor-widget-divider{width:var(--container-widget-width,100%);--flex-grow:var(--container-widget-flex-grow)}<\/style>\t\t<div class=\"elementor-divider\">\n\t\t\t<span class=\"elementor-divider-separator\">\n\t\t\t\t\t\t<\/span>\n\t\t<\/div>\n\t\t\t\t<\/div>\n\t\t\t\t<\/div>\n\t\t\t\t\t<\/div>\n\t\t<\/div>\n\t\t\t\t\t\t\t<\/div>\n\t\t<\/section>\n\t\t\t\t\t\t\t<\/div>\n\t\t","protected":false},"excerpt":{"rendered":"<p>En un entorno log\u00edstico donde la seguridad de la carga es fundamental, ofrecemos un servicio de aseguramiento tanto a nivel nacional como internacional. Con nosotros, puedes proteger tu mercanc\u00eda ante cualquier imprevisto o siniestro, garantizando tu tranquilidad y seguridad. Nuestros diferenciales incluyen: Cobertura mundial de seguros, asegurando que tu mercanc\u00eda est\u00e9 protegida en cualquier parte &hellip;<\/p>\n<p class=\"read-more\"> <a class=\"\" href=\"https:\/\/freeportlogistics.co\/index.php\/polizas-de-seguro\/\"> <span class=\"screen-reader-text\">P\u00f3lizas de seguro<\/span> Leer m\u00e1s &raquo;<\/a><\/p>\n","protected":false},"author":1,"featured_media":0,"parent":0,"menu_order":0,"comment_status":"closed","ping_status":"closed","template":"","meta":{"site-sidebar-layout":"no-sidebar","site-content-layout":"page-builder","ast-global-header-display":"","ast-main-header-display":"","ast-hfb-above-header-display":"","ast-hfb-below-header-display":"","ast-hfb-mobile-header-display":"","site-post-title":"disabled","ast-breadcrumbs-content":"","ast-featured-img":"disabled","footer-sml-layout":"","theme-transparent-header-meta":"","adv-header-id-meta":"","stick-header-meta":"","header-above-stick-meta":"","header-main-stick-meta":"","header-below-stick-meta":"","_joinchat":[],"footnotes":""},"class_list":["post-1738","page","type-page","status-publish","hentry"],"yoast_head":"<!-- This site is optimized with the Yoast SEO plugin v23.5 - https:\/\/yoast.com\/wordpress\/plugins\/seo\/ -->\n<title>P\u00f3lizas de seguro -<\/title>\n<meta name=\"robots\" content=\"index, follow, max-snippet:-1, max-image-preview:large, max-video-preview:-1\" \/>\n<link rel=\"canonical\" href=\"https:\/\/freeportlogistics.co\/index.php\/polizas-de-seguro\/\" \/>\n<meta property=\"og:locale\" content=\"es_ES\" \/>\n<meta property=\"og:type\" content=\"article\" \/>\n<meta property=\"og:title\" content=\"P\u00f3lizas de seguro -\" \/>\n<meta property=\"og:description\" content=\"En un entorno log\u00edstico donde la seguridad de la carga es fundamental, ofrecemos un servicio de aseguramiento tanto a nivel nacional como internacional. Con nosotros, puedes proteger tu mercanc\u00eda ante cualquier imprevisto o siniestro, garantizando tu tranquilidad y seguridad. Nuestros diferenciales incluyen: Cobertura mundial de seguros, asegurando que tu mercanc\u00eda est\u00e9 protegida en cualquier parte &hellip; P\u00f3lizas de seguro Leer m\u00e1s &raquo;\" \/>\n<meta property=\"og:url\" content=\"https:\/\/freeportlogistics.co\/index.php\/polizas-de-seguro\/\" \/>\n<meta property=\"og:site_name\" content=\"freeportlogistics.co\" \/>\n<meta property=\"article:modified_time\" content=\"2026-02-04T00:43:13+00:00\" \/>\n<meta property=\"og:image\" content=\"http:\/\/freeportlogistics.co\/wp-content\/uploads\/2026\/02\/IMG_10.jpg\" \/>\n<meta name=\"twitter:card\" content=\"summary_large_image\" \/>\n<meta name=\"twitter:label1\" content=\"Tiempo de lectura\" \/>\n\t<meta name=\"twitter:data1\" content=\"1 minuto\" \/>\n<script type=\"application\/ld+json\" class=\"yoast-schema-graph\">{\"@context\":\"https:\/\/schema.org\",\"@graph\":[{\"@type\":\"WebPage\",\"@id\":\"https:\/\/freeportlogistics.co\/index.php\/polizas-de-seguro\/\",\"url\":\"https:\/\/freeportlogistics.co\/index.php\/polizas-de-seguro\/\",\"name\":\"P\u00f3lizas de seguro -\",\"isPartOf\":{\"@id\":\"https:\/\/freeportlogistics.co\/#website\"},\"primaryImageOfPage\":{\"@id\":\"https:\/\/freeportlogistics.co\/index.php\/polizas-de-seguro\/#primaryimage\"},\"image\":{\"@id\":\"https:\/\/freeportlogistics.co\/index.php\/polizas-de-seguro\/#primaryimage\"},\"thumbnailUrl\":\"http:\/\/freeportlogistics.co\/wp-content\/uploads\/2026\/02\/IMG_10.jpg\",\"datePublished\":\"2023-04-30T00:17:44+00:00\",\"dateModified\":\"2026-02-04T00:43:13+00:00\",\"breadcrumb\":{\"@id\":\"https:\/\/freeportlogistics.co\/index.php\/polizas-de-seguro\/#breadcrumb\"},\"inLanguage\":\"es-CO\",\"potentialAction\":[{\"@type\":\"ReadAction\",\"target\":[\"https:\/\/freeportlogistics.co\/index.php\/polizas-de-seguro\/\"]}]},{\"@type\":\"ImageObject\",\"inLanguage\":\"es-CO\",\"@id\":\"https:\/\/freeportlogistics.co\/index.php\/polizas-de-seguro\/#primaryimage\",\"url\":\"https:\/\/freeportlogistics.co\/wp-content\/uploads\/2026\/02\/IMG_10.jpg\",\"contentUrl\":\"https:\/\/freeportlogistics.co\/wp-content\/uploads\/2026\/02\/IMG_10.jpg\",\"width\":1280,\"height\":721},{\"@type\":\"BreadcrumbList\",\"@id\":\"https:\/\/freeportlogistics.co\/index.php\/polizas-de-seguro\/#breadcrumb\",\"itemListElement\":[{\"@type\":\"ListItem\",\"position\":1,\"name\":\"Inicio\",\"item\":\"https:\/\/freeportlogistics.co\/\"},{\"@type\":\"ListItem\",\"position\":2,\"name\":\"P\u00f3lizas de seguro\"}]},{\"@type\":\"WebSite\",\"@id\":\"https:\/\/freeportlogistics.co\/#website\",\"url\":\"https:\/\/freeportlogistics.co\/\",\"name\":\"freeportlogistics.co\",\"description\":\"Unimos destinos, conectamos negocios\",\"publisher\":{\"@id\":\"https:\/\/freeportlogistics.co\/#organization\"},\"alternateName\":\"Freeport Logistics\",\"potentialAction\":[{\"@type\":\"SearchAction\",\"target\":{\"@type\":\"EntryPoint\",\"urlTemplate\":\"https:\/\/freeportlogistics.co\/?s={search_term_string}\"},\"query-input\":{\"@type\":\"PropertyValueSpecification\",\"valueRequired\":true,\"valueName\":\"search_term_string\"}}],\"inLanguage\":\"es-CO\"},{\"@type\":\"Organization\",\"@id\":\"https:\/\/freeportlogistics.co\/#organization\",\"name\":\"Freeport Logistics\",\"url\":\"https:\/\/freeportlogistics.co\/\",\"logo\":{\"@type\":\"ImageObject\",\"inLanguage\":\"es-CO\",\"@id\":\"https:\/\/freeportlogistics.co\/#\/schema\/logo\/image\/\",\"url\":\"https:\/\/freeportlogistics.co\/wp-content\/uploads\/2023\/04\/cropped-cropped-LOGO.png\",\"contentUrl\":\"https:\/\/freeportlogistics.co\/wp-content\/uploads\/2023\/04\/cropped-cropped-LOGO.png\",\"width\":509,\"height\":492,\"caption\":\"Freeport Logistics\"},\"image\":{\"@id\":\"https:\/\/freeportlogistics.co\/#\/schema\/logo\/image\/\"},\"sameAs\":[\"https:\/\/www.instagram.com\/freeport.logistics\/?igsh=czU4OWdkYjZuMDJl\"]}]}<\/script>\n<!-- \/ Yoast SEO plugin. -->","yoast_head_json":{"title":"P\u00f3lizas de seguro -","robots":{"index":"index","follow":"follow","max-snippet":"max-snippet:-1","max-image-preview":"max-image-preview:large","max-video-preview":"max-video-preview:-1"},"canonical":"https:\/\/freeportlogistics.co\/index.php\/polizas-de-seguro\/","og_locale":"es_ES","og_type":"article","og_title":"P\u00f3lizas de seguro -","og_description":"En un entorno log\u00edstico donde la seguridad de la carga es fundamental, ofrecemos un servicio de aseguramiento tanto a nivel nacional como internacional. Con nosotros, puedes proteger tu mercanc\u00eda ante cualquier imprevisto o siniestro, garantizando tu tranquilidad y seguridad. Nuestros diferenciales incluyen: Cobertura mundial de seguros, asegurando que tu mercanc\u00eda est\u00e9 protegida en cualquier parte &hellip; P\u00f3lizas de seguro Leer m\u00e1s &raquo;","og_url":"https:\/\/freeportlogistics.co\/index.php\/polizas-de-seguro\/","og_site_name":"freeportlogistics.co","article_modified_time":"2026-02-04T00:43:13+00:00","og_image":[{"url":"http:\/\/freeportlogistics.co\/wp-content\/uploads\/2026\/02\/IMG_10.jpg"}],"twitter_card":"summary_large_image","twitter_misc":{"Tiempo de lectura":"1 minuto"},"schema":{"@context":"https:\/\/schema.org","@graph":[{"@type":"WebPage","@id":"https:\/\/freeportlogistics.co\/index.php\/polizas-de-seguro\/","url":"https:\/\/freeportlogistics.co\/index.php\/polizas-de-seguro\/","name":"P\u00f3lizas de seguro -","isPartOf":{"@id":"https:\/\/freeportlogistics.co\/#website"},"primaryImageOfPage":{"@id":"https:\/\/freeportlogistics.co\/index.php\/polizas-de-seguro\/#primaryimage"},"image":{"@id":"https:\/\/freeportlogistics.co\/index.php\/polizas-de-seguro\/#primaryimage"},"thumbnailUrl":"http:\/\/freeportlogistics.co\/wp-content\/uploads\/2026\/02\/IMG_10.jpg","datePublished":"2023-04-30T00:17:44+00:00","dateModified":"2026-02-04T00:43:13+00:00","breadcrumb":{"@id":"https:\/\/freeportlogistics.co\/index.php\/polizas-de-seguro\/#breadcrumb"},"inLanguage":"es-CO","potentialAction":[{"@type":"ReadAction","target":["https:\/\/freeportlogistics.co\/index.php\/polizas-de-seguro\/"]}]},{"@type":"ImageObject","inLanguage":"es-CO","@id":"https:\/\/freeportlogistics.co\/index.php\/polizas-de-seguro\/#primaryimage","url":"https:\/\/freeportlogistics.co\/wp-content\/uploads\/2026\/02\/IMG_10.jpg","contentUrl":"https:\/\/freeportlogistics.co\/wp-content\/uploads\/2026\/02\/IMG_10.jpg","width":1280,"height":721},{"@type":"BreadcrumbList","@id":"https:\/\/freeportlogistics.co\/index.php\/polizas-de-seguro\/#breadcrumb","itemListElement":[{"@type":"ListItem","position":1,"name":"Inicio","item":"https:\/\/freeportlogistics.co\/"},{"@type":"ListItem","position":2,"name":"P\u00f3lizas de seguro"}]},{"@type":"WebSite","@id":"https:\/\/freeportlogistics.co\/#website","url":"https:\/\/freeportlogistics.co\/","name":"freeportlogistics.co","description":"Unimos destinos, conectamos negocios","publisher":{"@id":"https:\/\/freeportlogistics.co\/#organization"},"alternateName":"Freeport Logistics","potentialAction":[{"@type":"SearchAction","target":{"@type":"EntryPoint","urlTemplate":"https:\/\/freeportlogistics.co\/?s={search_term_string}"},"query-input":{"@type":"PropertyValueSpecification","valueRequired":true,"valueName":"search_term_string"}}],"inLanguage":"es-CO"},{"@type":"Organization","@id":"https:\/\/freeportlogistics.co\/#organization","name":"Freeport Logistics","url":"https:\/\/freeportlogistics.co\/","logo":{"@type":"ImageObject","inLanguage":"es-CO","@id":"https:\/\/freeportlogistics.co\/#\/schema\/logo\/image\/","url":"https:\/\/freeportlogistics.co\/wp-content\/uploads\/2023\/04\/cropped-cropped-LOGO.png","contentUrl":"https:\/\/freeportlogistics.co\/wp-content\/uploads\/2023\/04\/cropped-cropped-LOGO.png","width":509,"height":492,"caption":"Freeport Logistics"},"image":{"@id":"https:\/\/freeportlogistics.co\/#\/schema\/logo\/image\/"},"sameAs":["https:\/\/www.instagram.com\/freeport.logistics\/?igsh=czU4OWdkYjZuMDJl"]}]}},"_links":{"self":[{"href":"https:\/\/freeportlogistics.co\/index.php\/wp-json\/wp\/v2\/pages\/1738"}],"collection":[{"href":"https:\/\/freeportlogistics.co\/index.php\/wp-json\/wp\/v2\/pages"}],"about":[{"href":"https:\/\/freeportlogistics.co\/index.php\/wp-json\/wp\/v2\/types\/page"}],"author":[{"embeddable":true,"href":"https:\/\/freeportlogistics.co\/index.php\/wp-json\/wp\/v2\/users\/1"}],"replies":[{"embeddable":true,"href":"https:\/\/freeportlogistics.co\/index.php\/wp-json\/wp\/v2\/comments?post=1738"}],"version-history":[{"count":65,"href":"https:\/\/freeportlogistics.co\/index.php\/wp-json\/wp\/v2\/pages\/1738\/revisions"}],"predecessor-version":[{"id":3177,"href":"https:\/\/freeportlogistics.co\/index.php\/wp-json\/wp\/v2\/pages\/1738\/revisions\/3177"}],"wp:attachment":[{"href":"https:\/\/freeportlogistics.co\/index.php\/wp-json\/wp\/v2\/media?parent=1738"}],"curies":[{"name":"wp","href":"https:\/\/api.w.org\/{rel}","templated":true}]}}