{"id":1520,"date":"2023-04-24T21:33:10","date_gmt":"2023-04-25T02:33:10","guid":{"rendered":"https:\/\/freeportlogistics.co\/?page_id=1520"},"modified":"2026-02-03T18:55:33","modified_gmt":"2026-02-03T23:55:33","slug":"importacion-y-exportacion-fcl","status":"publish","type":"page","link":"https:\/\/freeportlogistics.co\/index.php\/importacion-y-exportacion-fcl\/","title":{"rendered":"Importaci\u00f3n y exportaci\u00f3n FCL"},"content":{"rendered":"\t\t<div data-elementor-type=\"wp-page\" data-elementor-id=\"1520\" class=\"elementor elementor-1520\">\n\t\t\t\t\t\t\t\t\t<section class=\"elementor-section elementor-top-section elementor-element elementor-element-0850bfd elementor-section-height-min-height elementor-section-items-bottom elementor-section-boxed elementor-section-height-default\" data-id=\"0850bfd\" data-element_type=\"section\" data-settings=\"{&quot;background_background&quot;:&quot;classic&quot;}\">\n\t\t\t\t\t\t\t<div class=\"elementor-background-overlay\"><\/div>\n\t\t\t\t\t\t\t<div class=\"elementor-container elementor-column-gap-default\">\n\t\t\t\t\t<div class=\"elementor-column elementor-col-100 elementor-top-column elementor-element elementor-element-5642763\" data-id=\"5642763\" data-element_type=\"column\">\n\t\t\t<div class=\"elementor-widget-wrap\">\n\t\t\t\t\t\t\t\t\t<\/div>\n\t\t<\/div>\n\t\t\t\t\t\t\t<\/div>\n\t\t<\/section>\n\t\t\t\t<section class=\"elementor-section elementor-top-section elementor-element elementor-element-889b1b3 elementor-section-boxed elementor-section-height-default elementor-section-height-default\" data-id=\"889b1b3\" data-element_type=\"section\">\n\t\t\t\t\t\t<div class=\"elementor-container elementor-column-gap-default\">\n\t\t\t\t\t<div class=\"elementor-column elementor-col-100 elementor-top-column elementor-element elementor-element-cdbf8e3\" data-id=\"cdbf8e3\" data-element_type=\"column\">\n\t\t\t<div class=\"elementor-widget-wrap elementor-element-populated\">\n\t\t\t\t\t\t\t\t<div class=\"elementor-element elementor-element-920584a elementor-widget elementor-widget-text-editor\" data-id=\"920584a\" data-element_type=\"widget\" data-widget_type=\"text-editor.default\">\n\t\t\t\t<div class=\"elementor-widget-container\">\n\t\t\t<style>\/*! elementor - v3.12.1 - 02-04-2023 *\/\n.elementor-widget-text-editor.elementor-drop-cap-view-stacked .elementor-drop-cap{background-color:#69727d;color:#fff}.elementor-widget-text-editor.elementor-drop-cap-view-framed .elementor-drop-cap{color:#69727d;border:3px solid;background-color:transparent}.elementor-widget-text-editor:not(.elementor-drop-cap-view-default) .elementor-drop-cap{margin-top:8px}.elementor-widget-text-editor:not(.elementor-drop-cap-view-default) .elementor-drop-cap-letter{width:1em;height:1em}.elementor-widget-text-editor .elementor-drop-cap{float:left;text-align:center;line-height:1;font-size:50px}.elementor-widget-text-editor .elementor-drop-cap-letter{display:inline-block}<\/style>\t\t\t\t<p>En <strong>Freeport Logistics SAS<\/strong> ofrecemos un servicio especializado de importaci\u00f3n y exportaci\u00f3n<br \/>FCL (Full Container Load), centrado en cumplir estrictamente con los tiempos de entrega acordados.<\/p>\t\t\t\t\t\t<\/div>\n\t\t\t\t<\/div>\n\t\t\t\t\t<\/div>\n\t\t<\/div>\n\t\t\t\t\t\t\t<\/div>\n\t\t<\/section>\n\t\t\t\t<section class=\"elementor-section elementor-top-section elementor-element elementor-element-1eabc72 elementor-section-boxed elementor-section-height-default elementor-section-height-default\" data-id=\"1eabc72\" data-element_type=\"section\">\n\t\t\t\t\t\t\t<div class=\"elementor-background-overlay\"><\/div>\n\t\t\t\t\t\t\t<div class=\"elementor-container elementor-column-gap-default\">\n\t\t\t\t\t<div class=\"elementor-column elementor-col-50 elementor-top-column elementor-element elementor-element-772abb6\" data-id=\"772abb6\" data-element_type=\"column\">\n\t\t\t<div class=\"elementor-widget-wrap elementor-element-populated\">\n\t\t\t\t\t\t\t\t<div class=\"elementor-element elementor-element-fb3c772 elementor-widget elementor-widget-image\" data-id=\"fb3c772\" data-element_type=\"widget\" data-widget_type=\"image.default\">\n\t\t\t\t<div class=\"elementor-widget-container\">\n\t\t\t<style>\/*! elementor - v3.12.1 - 02-04-2023 *\/\n.elementor-widget-image{text-align:center}.elementor-widget-image a{display:inline-block}.elementor-widget-image a img[src$=\".svg\"]{width:48px}.elementor-widget-image img{vertical-align:middle;display:inline-block}<\/style>\t\t\t\t\t\t\t\t\t\t\t\t<img loading=\"lazy\" decoding=\"async\" width=\"1280\" height=\"721\" src=\"https:\/\/freeportlogistics.co\/wp-content\/uploads\/2026\/02\/IMG_3.jpg\" class=\"attachment-full size-full wp-image-3143\" alt=\"\" srcset=\"https:\/\/freeportlogistics.co\/wp-content\/uploads\/2026\/02\/IMG_3.jpg 1280w, https:\/\/freeportlogistics.co\/wp-content\/uploads\/2026\/02\/IMG_3-300x169.jpg 300w, https:\/\/freeportlogistics.co\/wp-content\/uploads\/2026\/02\/IMG_3-1024x577.jpg 1024w, https:\/\/freeportlogistics.co\/wp-content\/uploads\/2026\/02\/IMG_3-768x433.jpg 768w\" sizes=\"(max-width: 1280px) 100vw, 1280px\" \/>\t\t\t\t\t\t\t\t\t\t\t\t\t\t\t<\/div>\n\t\t\t\t<\/div>\n\t\t\t\t<div class=\"elementor-element elementor-element-f501e4f elementor-widget elementor-widget-text-editor\" data-id=\"f501e4f\" data-element_type=\"widget\" data-widget_type=\"text-editor.default\">\n\t\t\t\t<div class=\"elementor-widget-container\">\n\t\t\t\t\t\t\t<div class=\"elementor-element elementor-element-ef64ed2 elementor-widget elementor-widget-text-editor\" data-id=\"ef64ed2\" data-element_type=\"widget\" data-widget_type=\"text-editor.default\"><div class=\"elementor-widget-container\"><p><b>Nuestros diferenciales incluyen:<\/b><\/p><\/div><\/div><div class=\"elementor-element elementor-element-90b4d76 elementor-widget elementor-widget-text-editor\" data-id=\"90b4d76\" data-element_type=\"widget\" data-widget_type=\"text-editor.default\"><div class=\"elementor-widget-container\"><ul><li>Tarifas negociadas con las principales navieras, garantizando precios competitivos.<\/li><li>Tiempos de tr\u00e1nsito, asegurando una entrega eficiente y puntual de la carga.<\/li><li>Ofrecemos d\u00edas libres en origen y destino, flexibilidad y facilidades para nuestros clientes.<\/li><\/ul><\/div><\/div>\t\t\t\t\t\t<\/div>\n\t\t\t\t<\/div>\n\t\t\t\t<div class=\"elementor-element elementor-element-3ed1c46 elementor-widget-divider--view-line elementor-widget elementor-widget-divider\" data-id=\"3ed1c46\" data-element_type=\"widget\" data-widget_type=\"divider.default\">\n\t\t\t\t<div class=\"elementor-widget-container\">\n\t\t\t<style>\/*! elementor - v3.12.1 - 02-04-2023 *\/\n.elementor-widget-divider{--divider-border-style:none;--divider-border-width:1px;--divider-color:#0c0d0e;--divider-icon-size:20px;--divider-element-spacing:10px;--divider-pattern-height:24px;--divider-pattern-size:20px;--divider-pattern-url:none;--divider-pattern-repeat:repeat-x}.elementor-widget-divider .elementor-divider{display:flex}.elementor-widget-divider .elementor-divider__text{font-size:15px;line-height:1;max-width:95%}.elementor-widget-divider .elementor-divider__element{margin:0 var(--divider-element-spacing);flex-shrink:0}.elementor-widget-divider .elementor-icon{font-size:var(--divider-icon-size)}.elementor-widget-divider .elementor-divider-separator{display:flex;margin:0;direction:ltr}.elementor-widget-divider--view-line_icon .elementor-divider-separator,.elementor-widget-divider--view-line_text .elementor-divider-separator{align-items:center}.elementor-widget-divider--view-line_icon .elementor-divider-separator:after,.elementor-widget-divider--view-line_icon .elementor-divider-separator:before,.elementor-widget-divider--view-line_text .elementor-divider-separator:after,.elementor-widget-divider--view-line_text .elementor-divider-separator:before{display:block;content:\"\";border-bottom:0;flex-grow:1;border-top:var(--divider-border-width) var(--divider-border-style) var(--divider-color)}.elementor-widget-divider--element-align-left .elementor-divider .elementor-divider-separator>.elementor-divider__svg:first-of-type{flex-grow:0;flex-shrink:100}.elementor-widget-divider--element-align-left .elementor-divider-separator:before{content:none}.elementor-widget-divider--element-align-left .elementor-divider__element{margin-left:0}.elementor-widget-divider--element-align-right .elementor-divider .elementor-divider-separator>.elementor-divider__svg:last-of-type{flex-grow:0;flex-shrink:100}.elementor-widget-divider--element-align-right .elementor-divider-separator:after{content:none}.elementor-widget-divider--element-align-right .elementor-divider__element{margin-right:0}.elementor-widget-divider:not(.elementor-widget-divider--view-line_text):not(.elementor-widget-divider--view-line_icon) .elementor-divider-separator{border-top:var(--divider-border-width) var(--divider-border-style) var(--divider-color)}.elementor-widget-divider--separator-type-pattern{--divider-border-style:none}.elementor-widget-divider--separator-type-pattern.elementor-widget-divider--view-line .elementor-divider-separator,.elementor-widget-divider--separator-type-pattern:not(.elementor-widget-divider--view-line) .elementor-divider-separator:after,.elementor-widget-divider--separator-type-pattern:not(.elementor-widget-divider--view-line) .elementor-divider-separator:before,.elementor-widget-divider--separator-type-pattern:not([class*=elementor-widget-divider--view]) .elementor-divider-separator{width:100%;min-height:var(--divider-pattern-height);-webkit-mask-size:var(--divider-pattern-size) 100%;mask-size:var(--divider-pattern-size) 100%;-webkit-mask-repeat:var(--divider-pattern-repeat);mask-repeat:var(--divider-pattern-repeat);background-color:var(--divider-color);-webkit-mask-image:var(--divider-pattern-url);mask-image:var(--divider-pattern-url)}.elementor-widget-divider--no-spacing{--divider-pattern-size:auto}.elementor-widget-divider--bg-round{--divider-pattern-repeat:round}.rtl .elementor-widget-divider .elementor-divider__text{direction:rtl}.e-con-inner>.elementor-widget-divider,.e-con>.elementor-widget-divider{width:var(--container-widget-width,100%);--flex-grow:var(--container-widget-flex-grow)}<\/style>\t\t<div class=\"elementor-divider\">\n\t\t\t<span class=\"elementor-divider-separator\">\n\t\t\t\t\t\t<\/span>\n\t\t<\/div>\n\t\t\t\t<\/div>\n\t\t\t\t<\/div>\n\t\t\t\t\t<\/div>\n\t\t<\/div>\n\t\t\t\t<div class=\"elementor-column elementor-col-50 elementor-top-column elementor-element elementor-element-b7fb1ef\" data-id=\"b7fb1ef\" data-element_type=\"column\">\n\t\t\t<div class=\"elementor-widget-wrap elementor-element-populated\">\n\t\t\t\t\t\t\t\t<div class=\"elementor-element elementor-element-dd503ea elementor-widget elementor-widget-image\" data-id=\"dd503ea\" data-element_type=\"widget\" data-widget_type=\"image.default\">\n\t\t\t\t<div class=\"elementor-widget-container\">\n\t\t\t\t\t\t\t\t\t\t\t\t\t\t\t<img loading=\"lazy\" decoding=\"async\" width=\"1280\" height=\"721\" src=\"https:\/\/freeportlogistics.co\/wp-content\/uploads\/2026\/02\/IMG_4.jpg\" class=\"attachment-full size-full wp-image-3144\" alt=\"\" srcset=\"https:\/\/freeportlogistics.co\/wp-content\/uploads\/2026\/02\/IMG_4.jpg 1280w, https:\/\/freeportlogistics.co\/wp-content\/uploads\/2026\/02\/IMG_4-300x169.jpg 300w, https:\/\/freeportlogistics.co\/wp-content\/uploads\/2026\/02\/IMG_4-1024x577.jpg 1024w, https:\/\/freeportlogistics.co\/wp-content\/uploads\/2026\/02\/IMG_4-768x433.jpg 768w\" sizes=\"(max-width: 1280px) 100vw, 1280px\" \/>\t\t\t\t\t\t\t\t\t\t\t\t\t\t\t<\/div>\n\t\t\t\t<\/div>\n\t\t\t\t<div class=\"elementor-element elementor-element-d448a57 elementor-widget elementor-widget-text-editor\" data-id=\"d448a57\" data-element_type=\"widget\" data-widget_type=\"text-editor.default\">\n\t\t\t\t<div class=\"elementor-widget-container\">\n\t\t\t\t\t\t\t<div class=\"elementor-element elementor-element-ef64ed2 elementor-widget elementor-widget-text-editor\" data-id=\"ef64ed2\" data-element_type=\"widget\" data-widget_type=\"text-editor.default\"><div class=\"elementor-widget-container\"><p><b>Estrategia y tarifas que optimizan tu inversi\u00f3n:<\/b><\/p><\/div><\/div><div class=\"elementor-element elementor-element-90b4d76 elementor-widget elementor-widget-text-editor\" data-id=\"90b4d76\" data-element_type=\"widget\" data-widget_type=\"text-editor.default\"><div class=\"elementor-widget-container\"><ul><li>Mantenemos acuerdos especiales con proveedores clave, lo que nos permite optimizar los procesos y ofrecer un servicio de calidad excepcional.<\/li><li>Nos comprometemos a cumplir con los tiempos de entrega establecidos, garantizando la satisfacci\u00f3n y confianza de nuestros clientes en cada env\u00edo.<\/li><\/ul><\/div><\/div>\t\t\t\t\t\t<\/div>\n\t\t\t\t<\/div>\n\t\t\t\t<div class=\"elementor-element elementor-element-063c801 elementor-widget-divider--view-line elementor-widget elementor-widget-divider\" data-id=\"063c801\" data-element_type=\"widget\" data-widget_type=\"divider.default\">\n\t\t\t\t<div class=\"elementor-widget-container\">\n\t\t\t\t\t<div class=\"elementor-divider\">\n\t\t\t<span class=\"elementor-divider-separator\">\n\t\t\t\t\t\t<\/span>\n\t\t<\/div>\n\t\t\t\t<\/div>\n\t\t\t\t<\/div>\n\t\t\t\t\t<\/div>\n\t\t<\/div>\n\t\t\t\t\t\t\t<\/div>\n\t\t<\/section>\n\t\t\t\t\t\t\t<\/div>\n\t\t","protected":false},"excerpt":{"rendered":"<p>En Freeport Logistics SAS ofrecemos un servicio especializado de importaci\u00f3n y exportaci\u00f3nFCL (Full Container Load), centrado en cumplir estrictamente con los tiempos de entrega acordados. Nuestros diferenciales incluyen: Tarifas negociadas con las principales navieras, garantizando precios competitivos. Tiempos de tr\u00e1nsito, asegurando una entrega eficiente y puntual de la carga. Ofrecemos d\u00edas libres en origen y &hellip;<\/p>\n<p class=\"read-more\"> <a class=\"\" href=\"https:\/\/freeportlogistics.co\/index.php\/importacion-y-exportacion-fcl\/\"> <span class=\"screen-reader-text\">Importaci\u00f3n y exportaci\u00f3n FCL<\/span> Leer m\u00e1s &raquo;<\/a><\/p>\n","protected":false},"author":1,"featured_media":0,"parent":0,"menu_order":0,"comment_status":"closed","ping_status":"closed","template":"","meta":{"site-sidebar-layout":"no-sidebar","site-content-layout":"page-builder","ast-global-header-display":"","ast-main-header-display":"","ast-hfb-above-header-display":"","ast-hfb-below-header-display":"","ast-hfb-mobile-header-display":"","site-post-title":"disabled","ast-breadcrumbs-content":"","ast-featured-img":"disabled","footer-sml-layout":"","theme-transparent-header-meta":"","adv-header-id-meta":"","stick-header-meta":"","header-above-stick-meta":"","header-main-stick-meta":"","header-below-stick-meta":"","_joinchat":[],"footnotes":""},"class_list":["post-1520","page","type-page","status-publish","hentry"],"yoast_head":"<!-- This site is optimized with the Yoast SEO plugin v23.5 - https:\/\/yoast.com\/wordpress\/plugins\/seo\/ -->\n<title>Importaci\u00f3n y exportaci\u00f3n FCL -<\/title>\n<meta name=\"robots\" content=\"index, follow, max-snippet:-1, max-image-preview:large, max-video-preview:-1\" \/>\n<link rel=\"canonical\" href=\"https:\/\/freeportlogistics.co\/index.php\/importacion-y-exportacion-fcl\/\" \/>\n<meta property=\"og:locale\" content=\"es_ES\" \/>\n<meta property=\"og:type\" content=\"article\" \/>\n<meta property=\"og:title\" content=\"Importaci\u00f3n y exportaci\u00f3n FCL -\" \/>\n<meta property=\"og:description\" content=\"En Freeport Logistics SAS ofrecemos un servicio especializado de importaci\u00f3n y exportaci\u00f3nFCL (Full Container Load), centrado en cumplir estrictamente con los tiempos de entrega acordados. Nuestros diferenciales incluyen: Tarifas negociadas con las principales navieras, garantizando precios competitivos. Tiempos de tr\u00e1nsito, asegurando una entrega eficiente y puntual de la carga. Ofrecemos d\u00edas libres en origen y &hellip; Importaci\u00f3n y exportaci\u00f3n FCL Leer m\u00e1s &raquo;\" \/>\n<meta property=\"og:url\" content=\"https:\/\/freeportlogistics.co\/index.php\/importacion-y-exportacion-fcl\/\" \/>\n<meta property=\"og:site_name\" content=\"freeportlogistics.co\" \/>\n<meta property=\"article:modified_time\" content=\"2026-02-03T23:55:33+00:00\" \/>\n<meta property=\"og:image\" content=\"http:\/\/freeportlogistics.co\/wp-content\/uploads\/2026\/02\/IMG_3.jpg\" \/>\n<meta name=\"twitter:card\" content=\"summary_large_image\" \/>\n<meta name=\"twitter:label1\" content=\"Tiempo de lectura\" \/>\n\t<meta name=\"twitter:data1\" content=\"2 minutos\" \/>\n<script type=\"application\/ld+json\" class=\"yoast-schema-graph\">{\"@context\":\"https:\/\/schema.org\",\"@graph\":[{\"@type\":\"WebPage\",\"@id\":\"https:\/\/freeportlogistics.co\/index.php\/importacion-y-exportacion-fcl\/\",\"url\":\"https:\/\/freeportlogistics.co\/index.php\/importacion-y-exportacion-fcl\/\",\"name\":\"Importaci\u00f3n y exportaci\u00f3n FCL -\",\"isPartOf\":{\"@id\":\"https:\/\/freeportlogistics.co\/#website\"},\"primaryImageOfPage\":{\"@id\":\"https:\/\/freeportlogistics.co\/index.php\/importacion-y-exportacion-fcl\/#primaryimage\"},\"image\":{\"@id\":\"https:\/\/freeportlogistics.co\/index.php\/importacion-y-exportacion-fcl\/#primaryimage\"},\"thumbnailUrl\":\"http:\/\/freeportlogistics.co\/wp-content\/uploads\/2026\/02\/IMG_3.jpg\",\"datePublished\":\"2023-04-25T02:33:10+00:00\",\"dateModified\":\"2026-02-03T23:55:33+00:00\",\"breadcrumb\":{\"@id\":\"https:\/\/freeportlogistics.co\/index.php\/importacion-y-exportacion-fcl\/#breadcrumb\"},\"inLanguage\":\"es-CO\",\"potentialAction\":[{\"@type\":\"ReadAction\",\"target\":[\"https:\/\/freeportlogistics.co\/index.php\/importacion-y-exportacion-fcl\/\"]}]},{\"@type\":\"ImageObject\",\"inLanguage\":\"es-CO\",\"@id\":\"https:\/\/freeportlogistics.co\/index.php\/importacion-y-exportacion-fcl\/#primaryimage\",\"url\":\"https:\/\/freeportlogistics.co\/wp-content\/uploads\/2026\/02\/IMG_3.jpg\",\"contentUrl\":\"https:\/\/freeportlogistics.co\/wp-content\/uploads\/2026\/02\/IMG_3.jpg\",\"width\":1280,\"height\":721},{\"@type\":\"BreadcrumbList\",\"@id\":\"https:\/\/freeportlogistics.co\/index.php\/importacion-y-exportacion-fcl\/#breadcrumb\",\"itemListElement\":[{\"@type\":\"ListItem\",\"position\":1,\"name\":\"Inicio\",\"item\":\"https:\/\/freeportlogistics.co\/\"},{\"@type\":\"ListItem\",\"position\":2,\"name\":\"Importaci\u00f3n y exportaci\u00f3n FCL\"}]},{\"@type\":\"WebSite\",\"@id\":\"https:\/\/freeportlogistics.co\/#website\",\"url\":\"https:\/\/freeportlogistics.co\/\",\"name\":\"freeportlogistics.co\",\"description\":\"Unimos destinos, conectamos negocios\",\"publisher\":{\"@id\":\"https:\/\/freeportlogistics.co\/#organization\"},\"alternateName\":\"Freeport Logistics\",\"potentialAction\":[{\"@type\":\"SearchAction\",\"target\":{\"@type\":\"EntryPoint\",\"urlTemplate\":\"https:\/\/freeportlogistics.co\/?s={search_term_string}\"},\"query-input\":{\"@type\":\"PropertyValueSpecification\",\"valueRequired\":true,\"valueName\":\"search_term_string\"}}],\"inLanguage\":\"es-CO\"},{\"@type\":\"Organization\",\"@id\":\"https:\/\/freeportlogistics.co\/#organization\",\"name\":\"Freeport Logistics\",\"url\":\"https:\/\/freeportlogistics.co\/\",\"logo\":{\"@type\":\"ImageObject\",\"inLanguage\":\"es-CO\",\"@id\":\"https:\/\/freeportlogistics.co\/#\/schema\/logo\/image\/\",\"url\":\"https:\/\/freeportlogistics.co\/wp-content\/uploads\/2023\/04\/cropped-cropped-LOGO.png\",\"contentUrl\":\"https:\/\/freeportlogistics.co\/wp-content\/uploads\/2023\/04\/cropped-cropped-LOGO.png\",\"width\":509,\"height\":492,\"caption\":\"Freeport Logistics\"},\"image\":{\"@id\":\"https:\/\/freeportlogistics.co\/#\/schema\/logo\/image\/\"},\"sameAs\":[\"https:\/\/www.instagram.com\/freeport.logistics\/?igsh=czU4OWdkYjZuMDJl\"]}]}<\/script>\n<!-- \/ Yoast SEO plugin. -->","yoast_head_json":{"title":"Importaci\u00f3n y exportaci\u00f3n FCL -","robots":{"index":"index","follow":"follow","max-snippet":"max-snippet:-1","max-image-preview":"max-image-preview:large","max-video-preview":"max-video-preview:-1"},"canonical":"https:\/\/freeportlogistics.co\/index.php\/importacion-y-exportacion-fcl\/","og_locale":"es_ES","og_type":"article","og_title":"Importaci\u00f3n y exportaci\u00f3n FCL -","og_description":"En Freeport Logistics SAS ofrecemos un servicio especializado de importaci\u00f3n y exportaci\u00f3nFCL (Full Container Load), centrado en cumplir estrictamente con los tiempos de entrega acordados. Nuestros diferenciales incluyen: Tarifas negociadas con las principales navieras, garantizando precios competitivos. Tiempos de tr\u00e1nsito, asegurando una entrega eficiente y puntual de la carga. Ofrecemos d\u00edas libres en origen y &hellip; Importaci\u00f3n y exportaci\u00f3n FCL Leer m\u00e1s &raquo;","og_url":"https:\/\/freeportlogistics.co\/index.php\/importacion-y-exportacion-fcl\/","og_site_name":"freeportlogistics.co","article_modified_time":"2026-02-03T23:55:33+00:00","og_image":[{"url":"http:\/\/freeportlogistics.co\/wp-content\/uploads\/2026\/02\/IMG_3.jpg"}],"twitter_card":"summary_large_image","twitter_misc":{"Tiempo de lectura":"2 minutos"},"schema":{"@context":"https:\/\/schema.org","@graph":[{"@type":"WebPage","@id":"https:\/\/freeportlogistics.co\/index.php\/importacion-y-exportacion-fcl\/","url":"https:\/\/freeportlogistics.co\/index.php\/importacion-y-exportacion-fcl\/","name":"Importaci\u00f3n y exportaci\u00f3n FCL -","isPartOf":{"@id":"https:\/\/freeportlogistics.co\/#website"},"primaryImageOfPage":{"@id":"https:\/\/freeportlogistics.co\/index.php\/importacion-y-exportacion-fcl\/#primaryimage"},"image":{"@id":"https:\/\/freeportlogistics.co\/index.php\/importacion-y-exportacion-fcl\/#primaryimage"},"thumbnailUrl":"http:\/\/freeportlogistics.co\/wp-content\/uploads\/2026\/02\/IMG_3.jpg","datePublished":"2023-04-25T02:33:10+00:00","dateModified":"2026-02-03T23:55:33+00:00","breadcrumb":{"@id":"https:\/\/freeportlogistics.co\/index.php\/importacion-y-exportacion-fcl\/#breadcrumb"},"inLanguage":"es-CO","potentialAction":[{"@type":"ReadAction","target":["https:\/\/freeportlogistics.co\/index.php\/importacion-y-exportacion-fcl\/"]}]},{"@type":"ImageObject","inLanguage":"es-CO","@id":"https:\/\/freeportlogistics.co\/index.php\/importacion-y-exportacion-fcl\/#primaryimage","url":"https:\/\/freeportlogistics.co\/wp-content\/uploads\/2026\/02\/IMG_3.jpg","contentUrl":"https:\/\/freeportlogistics.co\/wp-content\/uploads\/2026\/02\/IMG_3.jpg","width":1280,"height":721},{"@type":"BreadcrumbList","@id":"https:\/\/freeportlogistics.co\/index.php\/importacion-y-exportacion-fcl\/#breadcrumb","itemListElement":[{"@type":"ListItem","position":1,"name":"Inicio","item":"https:\/\/freeportlogistics.co\/"},{"@type":"ListItem","position":2,"name":"Importaci\u00f3n y exportaci\u00f3n FCL"}]},{"@type":"WebSite","@id":"https:\/\/freeportlogistics.co\/#website","url":"https:\/\/freeportlogistics.co\/","name":"freeportlogistics.co","description":"Unimos destinos, conectamos negocios","publisher":{"@id":"https:\/\/freeportlogistics.co\/#organization"},"alternateName":"Freeport Logistics","potentialAction":[{"@type":"SearchAction","target":{"@type":"EntryPoint","urlTemplate":"https:\/\/freeportlogistics.co\/?s={search_term_string}"},"query-input":{"@type":"PropertyValueSpecification","valueRequired":true,"valueName":"search_term_string"}}],"inLanguage":"es-CO"},{"@type":"Organization","@id":"https:\/\/freeportlogistics.co\/#organization","name":"Freeport Logistics","url":"https:\/\/freeportlogistics.co\/","logo":{"@type":"ImageObject","inLanguage":"es-CO","@id":"https:\/\/freeportlogistics.co\/#\/schema\/logo\/image\/","url":"https:\/\/freeportlogistics.co\/wp-content\/uploads\/2023\/04\/cropped-cropped-LOGO.png","contentUrl":"https:\/\/freeportlogistics.co\/wp-content\/uploads\/2023\/04\/cropped-cropped-LOGO.png","width":509,"height":492,"caption":"Freeport Logistics"},"image":{"@id":"https:\/\/freeportlogistics.co\/#\/schema\/logo\/image\/"},"sameAs":["https:\/\/www.instagram.com\/freeport.logistics\/?igsh=czU4OWdkYjZuMDJl"]}]}},"_links":{"self":[{"href":"https:\/\/freeportlogistics.co\/index.php\/wp-json\/wp\/v2\/pages\/1520"}],"collection":[{"href":"https:\/\/freeportlogistics.co\/index.php\/wp-json\/wp\/v2\/pages"}],"about":[{"href":"https:\/\/freeportlogistics.co\/index.php\/wp-json\/wp\/v2\/types\/page"}],"author":[{"embeddable":true,"href":"https:\/\/freeportlogistics.co\/index.php\/wp-json\/wp\/v2\/users\/1"}],"replies":[{"embeddable":true,"href":"https:\/\/freeportlogistics.co\/index.php\/wp-json\/wp\/v2\/comments?post=1520"}],"version-history":[{"count":49,"href":"https:\/\/freeportlogistics.co\/index.php\/wp-json\/wp\/v2\/pages\/1520\/revisions"}],"predecessor-version":[{"id":3147,"href":"https:\/\/freeportlogistics.co\/index.php\/wp-json\/wp\/v2\/pages\/1520\/revisions\/3147"}],"wp:attachment":[{"href":"https:\/\/freeportlogistics.co\/index.php\/wp-json\/wp\/v2\/media?parent=1520"}],"curies":[{"name":"wp","href":"https:\/\/api.w.org\/{rel}","templated":true}]}}