{"id":14,"date":"2021-11-21T15:14:19","date_gmt":"2021-11-21T15:14:19","guid":{"rendered":"https:\/\/freeportlogistics.co\/index.php\/about\/"},"modified":"2026-02-26T19:29:12","modified_gmt":"2026-02-27T00:29:12","slug":"about","status":"publish","type":"page","link":"https:\/\/freeportlogistics.co\/index.php\/about\/","title":{"rendered":"Nosotros"},"content":{"rendered":"\t\t<div data-elementor-type=\"wp-page\" data-elementor-id=\"14\" class=\"elementor elementor-14\">\n\t\t\t\t\t\t\t\t\t<section class=\"elementor-section elementor-top-section elementor-element elementor-element-b683270 elementor-section-boxed elementor-section-height-default elementor-section-height-default\" data-id=\"b683270\" data-element_type=\"section\">\n\t\t\t\t\t\t<div class=\"elementor-container elementor-column-gap-default\">\n\t\t\t\t\t<div class=\"elementor-column elementor-col-100 elementor-top-column elementor-element elementor-element-0623c5f\" data-id=\"0623c5f\" data-element_type=\"column\">\n\t\t\t<div class=\"elementor-widget-wrap elementor-element-populated\">\n\t\t\t\t\t\t\t\t<div class=\"elementor-element elementor-element-b57aec0 elementor-widget elementor-widget-spacer\" data-id=\"b57aec0\" data-element_type=\"widget\" data-widget_type=\"spacer.default\">\n\t\t\t\t<div class=\"elementor-widget-container\">\n\t\t\t<style>\/*! elementor - v3.12.1 - 02-04-2023 *\/\n.elementor-column .elementor-spacer-inner{height:var(--spacer-size)}.e-con{--container-widget-width:100%}.e-con-inner>.elementor-widget-spacer,.e-con>.elementor-widget-spacer{width:var(--container-widget-width,var(--spacer-size));--align-self:var(--container-widget-align-self,initial);--flex-shrink:0}.e-con-inner>.elementor-widget-spacer>.elementor-widget-container,.e-con-inner>.elementor-widget-spacer>.elementor-widget-container>.elementor-spacer,.e-con>.elementor-widget-spacer>.elementor-widget-container,.e-con>.elementor-widget-spacer>.elementor-widget-container>.elementor-spacer{height:100%}.e-con-inner>.elementor-widget-spacer>.elementor-widget-container>.elementor-spacer>.elementor-spacer-inner,.e-con>.elementor-widget-spacer>.elementor-widget-container>.elementor-spacer>.elementor-spacer-inner{height:var(--container-widget-height,var(--spacer-size))}<\/style>\t\t<div class=\"elementor-spacer\">\n\t\t\t<div class=\"elementor-spacer-inner\"><\/div>\n\t\t<\/div>\n\t\t\t\t<\/div>\n\t\t\t\t<\/div>\n\t\t\t\t\t<\/div>\n\t\t<\/div>\n\t\t\t\t\t\t\t<\/div>\n\t\t<\/section>\n\t\t\t\t<section class=\"elementor-section elementor-top-section elementor-element elementor-element-c8ddeb6 elementor-section-height-min-height elementor-section-boxed elementor-section-height-default elementor-section-items-middle\" data-id=\"c8ddeb6\" data-element_type=\"section\" data-settings=\"{&quot;background_background&quot;:&quot;classic&quot;,&quot;animation&quot;:&quot;none&quot;}\">\n\t\t\t\t\t\t\t<div class=\"elementor-background-overlay\"><\/div>\n\t\t\t\t\t\t\t<div class=\"elementor-container elementor-column-gap-default\">\n\t\t\t\t\t<div class=\"elementor-column elementor-col-100 elementor-top-column elementor-element elementor-element-6a5337e\" data-id=\"6a5337e\" data-element_type=\"column\">\n\t\t\t<div class=\"elementor-widget-wrap\">\n\t\t\t\t\t\t\t\t\t<\/div>\n\t\t<\/div>\n\t\t\t\t\t\t\t<\/div>\n\t\t<\/section>\n\t\t\t\t<section class=\"elementor-section elementor-top-section elementor-element elementor-element-999a33f elementor-section-boxed elementor-section-height-default elementor-section-height-default\" data-id=\"999a33f\" data-element_type=\"section\">\n\t\t\t\t\t\t<div class=\"elementor-container elementor-column-gap-default\">\n\t\t\t\t\t<div class=\"elementor-column elementor-col-100 elementor-top-column elementor-element elementor-element-9789ba8\" data-id=\"9789ba8\" data-element_type=\"column\">\n\t\t\t<div class=\"elementor-widget-wrap elementor-element-populated\">\n\t\t\t\t\t\t\t\t<div class=\"elementor-element elementor-element-9b25192 elementor-widget elementor-widget-text-editor\" data-id=\"9b25192\" data-element_type=\"widget\" data-widget_type=\"text-editor.default\">\n\t\t\t\t<div class=\"elementor-widget-container\">\n\t\t\t<style>\/*! elementor - v3.12.1 - 02-04-2023 *\/\n.elementor-widget-text-editor.elementor-drop-cap-view-stacked .elementor-drop-cap{background-color:#69727d;color:#fff}.elementor-widget-text-editor.elementor-drop-cap-view-framed .elementor-drop-cap{color:#69727d;border:3px solid;background-color:transparent}.elementor-widget-text-editor:not(.elementor-drop-cap-view-default) .elementor-drop-cap{margin-top:8px}.elementor-widget-text-editor:not(.elementor-drop-cap-view-default) .elementor-drop-cap-letter{width:1em;height:1em}.elementor-widget-text-editor .elementor-drop-cap{float:left;text-align:center;line-height:1;font-size:50px}.elementor-widget-text-editor .elementor-drop-cap-letter{display:inline-block}<\/style>\t\t\t\t<p><strong>Freeport Logistics SAS<\/strong> es una empresa joven, la cual tiene un enfoque total en el<br \/><strong>servicio al cliente<\/strong>\u00a0y\u00a0<strong>evoluci\u00f3n de la log\u00edstica<\/strong>, con una \u00e1rea gerencial con m\u00e1s de 12 a\u00f1os de experiencia en el medio. Esto proporciona el soporte necesario para ser la mejor alternativa en el manejo de tus operaciones de comercial internacional.<\/p>\t\t\t\t\t\t<\/div>\n\t\t\t\t<\/div>\n\t\t\t\t\t<\/div>\n\t\t<\/div>\n\t\t\t\t\t\t\t<\/div>\n\t\t<\/section>\n\t\t\t\t<section class=\"elementor-section elementor-top-section elementor-element elementor-element-af571a2 elementor-section-boxed elementor-section-height-default elementor-section-height-default\" data-id=\"af571a2\" data-element_type=\"section\">\n\t\t\t\t\t\t\t<div class=\"elementor-background-overlay\"><\/div>\n\t\t\t\t\t\t\t<div class=\"elementor-container elementor-column-gap-default\">\n\t\t\t\t\t<div class=\"elementor-column elementor-col-50 elementor-top-column elementor-element elementor-element-f4017c8\" data-id=\"f4017c8\" data-element_type=\"column\">\n\t\t\t<div class=\"elementor-widget-wrap elementor-element-populated\">\n\t\t\t\t\t\t\t\t<div class=\"elementor-element elementor-element-adf0d5e elementor-widget elementor-widget-image\" data-id=\"adf0d5e\" data-element_type=\"widget\" data-widget_type=\"image.default\">\n\t\t\t\t<div class=\"elementor-widget-container\">\n\t\t\t<style>\/*! elementor - v3.12.1 - 02-04-2023 *\/\n.elementor-widget-image{text-align:center}.elementor-widget-image a{display:inline-block}.elementor-widget-image a img[src$=\".svg\"]{width:48px}.elementor-widget-image img{vertical-align:middle;display:inline-block}<\/style>\t\t\t\t\t\t\t\t\t\t\t\t<img loading=\"lazy\" decoding=\"async\" width=\"1280\" height=\"721\" src=\"https:\/\/freeportlogistics.co\/wp-content\/uploads\/2026\/02\/IMG_12.jpg\" class=\"attachment-full size-full wp-image-3185\" alt=\"\" srcset=\"https:\/\/freeportlogistics.co\/wp-content\/uploads\/2026\/02\/IMG_12.jpg 1280w, https:\/\/freeportlogistics.co\/wp-content\/uploads\/2026\/02\/IMG_12-300x169.jpg 300w, https:\/\/freeportlogistics.co\/wp-content\/uploads\/2026\/02\/IMG_12-1024x577.jpg 1024w, https:\/\/freeportlogistics.co\/wp-content\/uploads\/2026\/02\/IMG_12-768x433.jpg 768w\" sizes=\"(max-width: 1280px) 100vw, 1280px\" \/>\t\t\t\t\t\t\t\t\t\t\t\t\t\t\t<\/div>\n\t\t\t\t<\/div>\n\t\t\t\t<div class=\"elementor-element elementor-element-f74f2b5 elementor-widget elementor-widget-text-editor\" data-id=\"f74f2b5\" data-element_type=\"widget\" data-widget_type=\"text-editor.default\">\n\t\t\t\t<div class=\"elementor-widget-container\">\n\t\t\t\t\t\t\t<div data-id=\"ef64ed2\" data-element_type=\"widget\" data-widget_type=\"text-editor.default\"><div><p><b>MISI\u00d3N<\/b><\/p><p>\u00a0<\/p><\/div><\/div><div data-id=\"90b4d76\" data-element_type=\"widget\" data-widget_type=\"text-editor.default\"><ul><li>Nuestra misi\u00f3n es comprender las necesidades de nuestros clientes, superando el concepto de ser la mejor opci\u00f3n para una primera carga de prueba. Nos esforzamos por <strong>cultivar relaciones s\u00f3lidas y de confianza<\/strong>, permitiendo que nuestros clientes se sientan c\u00f3modos al trabajar con nosotros. Buscamos establecer una <strong>conexi\u00f3n genuina y duradera<\/strong>, basada en la comprensi\u00f3n mutua y la satisfacci\u00f3n de las expectativas log\u00edsticas de nuestros clientes en el \u00e1mbito internacional.<\/li><\/ul><\/div>\t\t\t\t\t\t<\/div>\n\t\t\t\t<\/div>\n\t\t\t\t<div class=\"elementor-element elementor-element-5d48320 elementor-widget-divider--view-line elementor-widget elementor-widget-divider\" data-id=\"5d48320\" data-element_type=\"widget\" data-widget_type=\"divider.default\">\n\t\t\t\t<div class=\"elementor-widget-container\">\n\t\t\t<style>\/*! elementor - v3.12.1 - 02-04-2023 *\/\n.elementor-widget-divider{--divider-border-style:none;--divider-border-width:1px;--divider-color:#0c0d0e;--divider-icon-size:20px;--divider-element-spacing:10px;--divider-pattern-height:24px;--divider-pattern-size:20px;--divider-pattern-url:none;--divider-pattern-repeat:repeat-x}.elementor-widget-divider .elementor-divider{display:flex}.elementor-widget-divider .elementor-divider__text{font-size:15px;line-height:1;max-width:95%}.elementor-widget-divider .elementor-divider__element{margin:0 var(--divider-element-spacing);flex-shrink:0}.elementor-widget-divider .elementor-icon{font-size:var(--divider-icon-size)}.elementor-widget-divider .elementor-divider-separator{display:flex;margin:0;direction:ltr}.elementor-widget-divider--view-line_icon .elementor-divider-separator,.elementor-widget-divider--view-line_text .elementor-divider-separator{align-items:center}.elementor-widget-divider--view-line_icon .elementor-divider-separator:after,.elementor-widget-divider--view-line_icon .elementor-divider-separator:before,.elementor-widget-divider--view-line_text .elementor-divider-separator:after,.elementor-widget-divider--view-line_text .elementor-divider-separator:before{display:block;content:\"\";border-bottom:0;flex-grow:1;border-top:var(--divider-border-width) var(--divider-border-style) var(--divider-color)}.elementor-widget-divider--element-align-left .elementor-divider .elementor-divider-separator>.elementor-divider__svg:first-of-type{flex-grow:0;flex-shrink:100}.elementor-widget-divider--element-align-left .elementor-divider-separator:before{content:none}.elementor-widget-divider--element-align-left .elementor-divider__element{margin-left:0}.elementor-widget-divider--element-align-right .elementor-divider .elementor-divider-separator>.elementor-divider__svg:last-of-type{flex-grow:0;flex-shrink:100}.elementor-widget-divider--element-align-right .elementor-divider-separator:after{content:none}.elementor-widget-divider--element-align-right .elementor-divider__element{margin-right:0}.elementor-widget-divider:not(.elementor-widget-divider--view-line_text):not(.elementor-widget-divider--view-line_icon) .elementor-divider-separator{border-top:var(--divider-border-width) var(--divider-border-style) var(--divider-color)}.elementor-widget-divider--separator-type-pattern{--divider-border-style:none}.elementor-widget-divider--separator-type-pattern.elementor-widget-divider--view-line .elementor-divider-separator,.elementor-widget-divider--separator-type-pattern:not(.elementor-widget-divider--view-line) .elementor-divider-separator:after,.elementor-widget-divider--separator-type-pattern:not(.elementor-widget-divider--view-line) .elementor-divider-separator:before,.elementor-widget-divider--separator-type-pattern:not([class*=elementor-widget-divider--view]) .elementor-divider-separator{width:100%;min-height:var(--divider-pattern-height);-webkit-mask-size:var(--divider-pattern-size) 100%;mask-size:var(--divider-pattern-size) 100%;-webkit-mask-repeat:var(--divider-pattern-repeat);mask-repeat:var(--divider-pattern-repeat);background-color:var(--divider-color);-webkit-mask-image:var(--divider-pattern-url);mask-image:var(--divider-pattern-url)}.elementor-widget-divider--no-spacing{--divider-pattern-size:auto}.elementor-widget-divider--bg-round{--divider-pattern-repeat:round}.rtl .elementor-widget-divider .elementor-divider__text{direction:rtl}.e-con-inner>.elementor-widget-divider,.e-con>.elementor-widget-divider{width:var(--container-widget-width,100%);--flex-grow:var(--container-widget-flex-grow)}<\/style>\t\t<div class=\"elementor-divider\">\n\t\t\t<span class=\"elementor-divider-separator\">\n\t\t\t\t\t\t<\/span>\n\t\t<\/div>\n\t\t\t\t<\/div>\n\t\t\t\t<\/div>\n\t\t\t\t\t<\/div>\n\t\t<\/div>\n\t\t\t\t<div class=\"elementor-column elementor-col-50 elementor-top-column elementor-element elementor-element-f88e54a\" data-id=\"f88e54a\" data-element_type=\"column\">\n\t\t\t<div class=\"elementor-widget-wrap elementor-element-populated\">\n\t\t\t\t\t\t\t\t<div class=\"elementor-element elementor-element-b3b61a2 elementor-widget elementor-widget-image\" data-id=\"b3b61a2\" data-element_type=\"widget\" data-widget_type=\"image.default\">\n\t\t\t\t<div class=\"elementor-widget-container\">\n\t\t\t\t\t\t\t\t\t\t\t\t\t\t\t<img loading=\"lazy\" decoding=\"async\" width=\"1280\" height=\"721\" src=\"https:\/\/freeportlogistics.co\/wp-content\/uploads\/2026\/02\/IMG_13.jpg\" class=\"attachment-full size-full wp-image-3186\" alt=\"\" srcset=\"https:\/\/freeportlogistics.co\/wp-content\/uploads\/2026\/02\/IMG_13.jpg 1280w, https:\/\/freeportlogistics.co\/wp-content\/uploads\/2026\/02\/IMG_13-300x169.jpg 300w, https:\/\/freeportlogistics.co\/wp-content\/uploads\/2026\/02\/IMG_13-1024x577.jpg 1024w, https:\/\/freeportlogistics.co\/wp-content\/uploads\/2026\/02\/IMG_13-768x433.jpg 768w\" sizes=\"(max-width: 1280px) 100vw, 1280px\" \/>\t\t\t\t\t\t\t\t\t\t\t\t\t\t\t<\/div>\n\t\t\t\t<\/div>\n\t\t\t\t<div class=\"elementor-element elementor-element-0c05d08 elementor-widget elementor-widget-text-editor\" data-id=\"0c05d08\" data-element_type=\"widget\" data-widget_type=\"text-editor.default\">\n\t\t\t\t<div class=\"elementor-widget-container\">\n\t\t\t\t\t\t\t<div class=\"elementor-element elementor-element-ef64ed2 elementor-widget elementor-widget-text-editor\" data-id=\"ef64ed2\" data-element_type=\"widget\" data-widget_type=\"text-editor.default\"><div class=\"elementor-widget-container\"><p><b>VISI\u00d3N<\/b><\/p><\/div><\/div><div class=\"elementor-element elementor-element-90b4d76 elementor-widget elementor-widget-text-editor\" data-id=\"90b4d76\" data-element_type=\"widget\" data-widget_type=\"text-editor.default\"><div class=\"elementor-widget-container\"><ul><li>Para el a\u00f1o 2028, en <strong>Freeport Logistics SAS<\/strong> trabajara para convertirse en el principal referente de <strong>innovaci\u00f3n tecnol\u00f3gica<\/strong> en el campo de la log\u00edstica, marcando la diferencia entre los dem\u00e1s agentes de carga.<br \/><br \/>Nos comprometemos a ofrecer <strong>respuestas r\u00e1pidas y oportunas<\/strong>, siempre con un enfoque centrado en satisfacer todas las necesidades de nuestros clientes, reconoci\u00e9ndolos como la base fundamental que impulsa nuestro progreso.<\/li><\/ul><\/div><\/div>\t\t\t\t\t\t<\/div>\n\t\t\t\t<\/div>\n\t\t\t\t<div class=\"elementor-element elementor-element-f75aa49 elementor-widget-divider--view-line elementor-widget elementor-widget-divider\" data-id=\"f75aa49\" data-element_type=\"widget\" data-widget_type=\"divider.default\">\n\t\t\t\t<div class=\"elementor-widget-container\">\n\t\t\t\t\t<div class=\"elementor-divider\">\n\t\t\t<span class=\"elementor-divider-separator\">\n\t\t\t\t\t\t<\/span>\n\t\t<\/div>\n\t\t\t\t<\/div>\n\t\t\t\t<\/div>\n\t\t\t\t\t<\/div>\n\t\t<\/div>\n\t\t\t\t\t\t\t<\/div>\n\t\t<\/section>\n\t\t\t\t\t\t\t<\/div>\n\t\t","protected":false},"excerpt":{"rendered":"<p>Freeport Logistics SAS es una empresa joven, la cual tiene un enfoque total en elservicio al cliente\u00a0y\u00a0evoluci\u00f3n de la log\u00edstica, con una \u00e1rea gerencial con m\u00e1s de 12 a\u00f1os de experiencia en el medio. Esto proporciona el soporte necesario para ser la mejor alternativa en el manejo de tus operaciones de comercial internacional. MISI\u00d3N \u00a0 &hellip;<\/p>\n<p class=\"read-more\"> <a class=\"\" href=\"https:\/\/freeportlogistics.co\/index.php\/about\/\"> <span class=\"screen-reader-text\">Nosotros<\/span> Leer m\u00e1s &raquo;<\/a><\/p>\n","protected":false},"author":1,"featured_media":0,"parent":0,"menu_order":0,"comment_status":"closed","ping_status":"closed","template":"","meta":{"site-sidebar-layout":"no-sidebar","site-content-layout":"page-builder","ast-global-header-display":"","ast-main-header-display":"","ast-hfb-above-header-display":"","ast-hfb-below-header-display":"","ast-hfb-mobile-header-display":"","site-post-title":"disabled","ast-breadcrumbs-content":"","ast-featured-img":"disabled","footer-sml-layout":"","theme-transparent-header-meta":"enabled","adv-header-id-meta":"","stick-header-meta":"","header-above-stick-meta":"","header-main-stick-meta":"","header-below-stick-meta":"","_joinchat":[],"footnotes":""},"class_list":["post-14","page","type-page","status-publish","hentry"],"yoast_head":"<!-- This site is optimized with the Yoast SEO plugin v23.5 - https:\/\/yoast.com\/wordpress\/plugins\/seo\/ -->\n<title>Nosotros<\/title>\n<meta name=\"description\" content=\"Con\u00f3cenos, somos un operador log\u00edstico internacional con amplia experiencia en la gesti\u00f3n de transporte global, aduanas y distribuci\u00f3n. Ofrecemos soluciones log\u00edsticas personalizadas para optimizar la cadena de suministro y garantizar un manejo eficiente de tus env\u00edos internacionales.\" \/>\n<meta name=\"robots\" content=\"index, follow, max-snippet:-1, max-image-preview:large, max-video-preview:-1\" \/>\n<link rel=\"canonical\" href=\"https:\/\/freeportlogistics.co\/index.php\/about\/\" \/>\n<meta property=\"og:locale\" content=\"es_ES\" \/>\n<meta property=\"og:type\" content=\"article\" \/>\n<meta property=\"og:title\" content=\"Nosotros\" \/>\n<meta property=\"og:description\" content=\"Con\u00f3cenos, somos un operador log\u00edstico internacional con amplia experiencia en la gesti\u00f3n de transporte global, aduanas y distribuci\u00f3n. Ofrecemos soluciones log\u00edsticas personalizadas para optimizar la cadena de suministro y garantizar un manejo eficiente de tus env\u00edos internacionales.\" \/>\n<meta property=\"og:url\" content=\"https:\/\/freeportlogistics.co\/index.php\/about\/\" \/>\n<meta property=\"og:site_name\" content=\"freeportlogistics.co\" \/>\n<meta property=\"article:modified_time\" content=\"2026-02-27T00:29:12+00:00\" \/>\n<meta property=\"og:image\" content=\"http:\/\/freeportlogistics.co\/wp-content\/uploads\/2026\/02\/IMG_12.jpg\" \/>\n<meta name=\"twitter:card\" content=\"summary_large_image\" \/>\n<meta name=\"twitter:label1\" content=\"Tiempo de lectura\" \/>\n\t<meta name=\"twitter:data1\" content=\"2 minutos\" \/>\n<script type=\"application\/ld+json\" class=\"yoast-schema-graph\">{\"@context\":\"https:\/\/schema.org\",\"@graph\":[{\"@type\":\"WebPage\",\"@id\":\"https:\/\/freeportlogistics.co\/index.php\/about\/\",\"url\":\"https:\/\/freeportlogistics.co\/index.php\/about\/\",\"name\":\"Nosotros\",\"isPartOf\":{\"@id\":\"https:\/\/freeportlogistics.co\/#website\"},\"primaryImageOfPage\":{\"@id\":\"https:\/\/freeportlogistics.co\/index.php\/about\/#primaryimage\"},\"image\":{\"@id\":\"https:\/\/freeportlogistics.co\/index.php\/about\/#primaryimage\"},\"thumbnailUrl\":\"http:\/\/freeportlogistics.co\/wp-content\/uploads\/2026\/02\/IMG_12.jpg\",\"datePublished\":\"2021-11-21T15:14:19+00:00\",\"dateModified\":\"2026-02-27T00:29:12+00:00\",\"description\":\"Con\u00f3cenos, somos un operador log\u00edstico internacional con amplia experiencia en la gesti\u00f3n de transporte global, aduanas y distribuci\u00f3n. Ofrecemos soluciones log\u00edsticas personalizadas para optimizar la cadena de suministro y garantizar un manejo eficiente de tus env\u00edos internacionales.\",\"breadcrumb\":{\"@id\":\"https:\/\/freeportlogistics.co\/index.php\/about\/#breadcrumb\"},\"inLanguage\":\"es-CO\",\"potentialAction\":[{\"@type\":\"ReadAction\",\"target\":[\"https:\/\/freeportlogistics.co\/index.php\/about\/\"]}]},{\"@type\":\"ImageObject\",\"inLanguage\":\"es-CO\",\"@id\":\"https:\/\/freeportlogistics.co\/index.php\/about\/#primaryimage\",\"url\":\"https:\/\/freeportlogistics.co\/wp-content\/uploads\/2026\/02\/IMG_12.jpg\",\"contentUrl\":\"https:\/\/freeportlogistics.co\/wp-content\/uploads\/2026\/02\/IMG_12.jpg\",\"width\":1280,\"height\":721},{\"@type\":\"BreadcrumbList\",\"@id\":\"https:\/\/freeportlogistics.co\/index.php\/about\/#breadcrumb\",\"itemListElement\":[{\"@type\":\"ListItem\",\"position\":1,\"name\":\"Inicio\",\"item\":\"https:\/\/freeportlogistics.co\/\"},{\"@type\":\"ListItem\",\"position\":2,\"name\":\"Nosotros\"}]},{\"@type\":\"WebSite\",\"@id\":\"https:\/\/freeportlogistics.co\/#website\",\"url\":\"https:\/\/freeportlogistics.co\/\",\"name\":\"freeportlogistics.co\",\"description\":\"Unimos destinos, conectamos negocios\",\"publisher\":{\"@id\":\"https:\/\/freeportlogistics.co\/#organization\"},\"alternateName\":\"Freeport Logistics\",\"potentialAction\":[{\"@type\":\"SearchAction\",\"target\":{\"@type\":\"EntryPoint\",\"urlTemplate\":\"https:\/\/freeportlogistics.co\/?s={search_term_string}\"},\"query-input\":{\"@type\":\"PropertyValueSpecification\",\"valueRequired\":true,\"valueName\":\"search_term_string\"}}],\"inLanguage\":\"es-CO\"},{\"@type\":\"Organization\",\"@id\":\"https:\/\/freeportlogistics.co\/#organization\",\"name\":\"Freeport Logistics\",\"url\":\"https:\/\/freeportlogistics.co\/\",\"logo\":{\"@type\":\"ImageObject\",\"inLanguage\":\"es-CO\",\"@id\":\"https:\/\/freeportlogistics.co\/#\/schema\/logo\/image\/\",\"url\":\"https:\/\/freeportlogistics.co\/wp-content\/uploads\/2023\/04\/cropped-cropped-LOGO.png\",\"contentUrl\":\"https:\/\/freeportlogistics.co\/wp-content\/uploads\/2023\/04\/cropped-cropped-LOGO.png\",\"width\":509,\"height\":492,\"caption\":\"Freeport Logistics\"},\"image\":{\"@id\":\"https:\/\/freeportlogistics.co\/#\/schema\/logo\/image\/\"},\"sameAs\":[\"https:\/\/www.instagram.com\/freeport.logistics\/?igsh=czU4OWdkYjZuMDJl\"]}]}<\/script>\n<!-- \/ Yoast SEO plugin. -->","yoast_head_json":{"title":"Nosotros","description":"Con\u00f3cenos, somos un operador log\u00edstico internacional con amplia experiencia en la gesti\u00f3n de transporte global, aduanas y distribuci\u00f3n. Ofrecemos soluciones log\u00edsticas personalizadas para optimizar la cadena de suministro y garantizar un manejo eficiente de tus env\u00edos internacionales.","robots":{"index":"index","follow":"follow","max-snippet":"max-snippet:-1","max-image-preview":"max-image-preview:large","max-video-preview":"max-video-preview:-1"},"canonical":"https:\/\/freeportlogistics.co\/index.php\/about\/","og_locale":"es_ES","og_type":"article","og_title":"Nosotros","og_description":"Con\u00f3cenos, somos un operador log\u00edstico internacional con amplia experiencia en la gesti\u00f3n de transporte global, aduanas y distribuci\u00f3n. Ofrecemos soluciones log\u00edsticas personalizadas para optimizar la cadena de suministro y garantizar un manejo eficiente de tus env\u00edos internacionales.","og_url":"https:\/\/freeportlogistics.co\/index.php\/about\/","og_site_name":"freeportlogistics.co","article_modified_time":"2026-02-27T00:29:12+00:00","og_image":[{"url":"http:\/\/freeportlogistics.co\/wp-content\/uploads\/2026\/02\/IMG_12.jpg"}],"twitter_card":"summary_large_image","twitter_misc":{"Tiempo de lectura":"2 minutos"},"schema":{"@context":"https:\/\/schema.org","@graph":[{"@type":"WebPage","@id":"https:\/\/freeportlogistics.co\/index.php\/about\/","url":"https:\/\/freeportlogistics.co\/index.php\/about\/","name":"Nosotros","isPartOf":{"@id":"https:\/\/freeportlogistics.co\/#website"},"primaryImageOfPage":{"@id":"https:\/\/freeportlogistics.co\/index.php\/about\/#primaryimage"},"image":{"@id":"https:\/\/freeportlogistics.co\/index.php\/about\/#primaryimage"},"thumbnailUrl":"http:\/\/freeportlogistics.co\/wp-content\/uploads\/2026\/02\/IMG_12.jpg","datePublished":"2021-11-21T15:14:19+00:00","dateModified":"2026-02-27T00:29:12+00:00","description":"Con\u00f3cenos, somos un operador log\u00edstico internacional con amplia experiencia en la gesti\u00f3n de transporte global, aduanas y distribuci\u00f3n. Ofrecemos soluciones log\u00edsticas personalizadas para optimizar la cadena de suministro y garantizar un manejo eficiente de tus env\u00edos internacionales.","breadcrumb":{"@id":"https:\/\/freeportlogistics.co\/index.php\/about\/#breadcrumb"},"inLanguage":"es-CO","potentialAction":[{"@type":"ReadAction","target":["https:\/\/freeportlogistics.co\/index.php\/about\/"]}]},{"@type":"ImageObject","inLanguage":"es-CO","@id":"https:\/\/freeportlogistics.co\/index.php\/about\/#primaryimage","url":"https:\/\/freeportlogistics.co\/wp-content\/uploads\/2026\/02\/IMG_12.jpg","contentUrl":"https:\/\/freeportlogistics.co\/wp-content\/uploads\/2026\/02\/IMG_12.jpg","width":1280,"height":721},{"@type":"BreadcrumbList","@id":"https:\/\/freeportlogistics.co\/index.php\/about\/#breadcrumb","itemListElement":[{"@type":"ListItem","position":1,"name":"Inicio","item":"https:\/\/freeportlogistics.co\/"},{"@type":"ListItem","position":2,"name":"Nosotros"}]},{"@type":"WebSite","@id":"https:\/\/freeportlogistics.co\/#website","url":"https:\/\/freeportlogistics.co\/","name":"freeportlogistics.co","description":"Unimos destinos, conectamos negocios","publisher":{"@id":"https:\/\/freeportlogistics.co\/#organization"},"alternateName":"Freeport Logistics","potentialAction":[{"@type":"SearchAction","target":{"@type":"EntryPoint","urlTemplate":"https:\/\/freeportlogistics.co\/?s={search_term_string}"},"query-input":{"@type":"PropertyValueSpecification","valueRequired":true,"valueName":"search_term_string"}}],"inLanguage":"es-CO"},{"@type":"Organization","@id":"https:\/\/freeportlogistics.co\/#organization","name":"Freeport Logistics","url":"https:\/\/freeportlogistics.co\/","logo":{"@type":"ImageObject","inLanguage":"es-CO","@id":"https:\/\/freeportlogistics.co\/#\/schema\/logo\/image\/","url":"https:\/\/freeportlogistics.co\/wp-content\/uploads\/2023\/04\/cropped-cropped-LOGO.png","contentUrl":"https:\/\/freeportlogistics.co\/wp-content\/uploads\/2023\/04\/cropped-cropped-LOGO.png","width":509,"height":492,"caption":"Freeport Logistics"},"image":{"@id":"https:\/\/freeportlogistics.co\/#\/schema\/logo\/image\/"},"sameAs":["https:\/\/www.instagram.com\/freeport.logistics\/?igsh=czU4OWdkYjZuMDJl"]}]}},"_links":{"self":[{"href":"https:\/\/freeportlogistics.co\/index.php\/wp-json\/wp\/v2\/pages\/14"}],"collection":[{"href":"https:\/\/freeportlogistics.co\/index.php\/wp-json\/wp\/v2\/pages"}],"about":[{"href":"https:\/\/freeportlogistics.co\/index.php\/wp-json\/wp\/v2\/types\/page"}],"author":[{"embeddable":true,"href":"https:\/\/freeportlogistics.co\/index.php\/wp-json\/wp\/v2\/users\/1"}],"replies":[{"embeddable":true,"href":"https:\/\/freeportlogistics.co\/index.php\/wp-json\/wp\/v2\/comments?post=14"}],"version-history":[{"count":209,"href":"https:\/\/freeportlogistics.co\/index.php\/wp-json\/wp\/v2\/pages\/14\/revisions"}],"predecessor-version":[{"id":3208,"href":"https:\/\/freeportlogistics.co\/index.php\/wp-json\/wp\/v2\/pages\/14\/revisions\/3208"}],"wp:attachment":[{"href":"https:\/\/freeportlogistics.co\/index.php\/wp-json\/wp\/v2\/media?parent=14"}],"curies":[{"name":"wp","href":"https:\/\/api.w.org\/{rel}","templated":true}]}}