{"id":1355,"date":"2023-04-19T20:44:27","date_gmt":"2023-04-20T01:44:27","guid":{"rendered":"https:\/\/freeportlogistics.co\/?page_id=1355"},"modified":"2026-02-03T19:09:10","modified_gmt":"2026-02-04T00:09:10","slug":"transporte-terrestre","status":"publish","type":"page","link":"https:\/\/freeportlogistics.co\/index.php\/transporte-terrestre\/","title":{"rendered":"Transporte terrestre"},"content":{"rendered":"\t\t<div data-elementor-type=\"wp-page\" data-elementor-id=\"1355\" class=\"elementor elementor-1355\">\n\t\t\t\t\t\t\t\t\t<section class=\"elementor-section elementor-top-section elementor-element elementor-element-803d082 elementor-section-height-min-height elementor-section-boxed elementor-section-height-default elementor-section-items-middle\" data-id=\"803d082\" data-element_type=\"section\" data-settings=\"{&quot;background_background&quot;:&quot;classic&quot;}\">\n\t\t\t\t\t\t\t<div class=\"elementor-background-overlay\"><\/div>\n\t\t\t\t\t\t\t<div class=\"elementor-container elementor-column-gap-default\">\n\t\t\t\t\t<div class=\"elementor-column elementor-col-100 elementor-top-column elementor-element elementor-element-933967c\" data-id=\"933967c\" data-element_type=\"column\">\n\t\t\t<div class=\"elementor-widget-wrap\">\n\t\t\t\t\t\t\t\t\t<\/div>\n\t\t<\/div>\n\t\t\t\t\t\t\t<\/div>\n\t\t<\/section>\n\t\t\t\t<section class=\"elementor-section elementor-top-section elementor-element elementor-element-fc9b279 elementor-section-boxed elementor-section-height-default elementor-section-height-default\" data-id=\"fc9b279\" data-element_type=\"section\">\n\t\t\t\t\t\t<div class=\"elementor-container elementor-column-gap-default\">\n\t\t\t\t\t<div class=\"elementor-column elementor-col-100 elementor-top-column elementor-element elementor-element-4f6e2c3\" data-id=\"4f6e2c3\" data-element_type=\"column\">\n\t\t\t<div class=\"elementor-widget-wrap elementor-element-populated\">\n\t\t\t\t\t\t\t\t<div class=\"elementor-element elementor-element-d3a1a0c elementor-widget elementor-widget-text-editor\" data-id=\"d3a1a0c\" data-element_type=\"widget\" data-widget_type=\"text-editor.default\">\n\t\t\t\t<div class=\"elementor-widget-container\">\n\t\t\t<style>\/*! elementor - v3.12.1 - 02-04-2023 *\/\n.elementor-widget-text-editor.elementor-drop-cap-view-stacked .elementor-drop-cap{background-color:#69727d;color:#fff}.elementor-widget-text-editor.elementor-drop-cap-view-framed .elementor-drop-cap{color:#69727d;border:3px solid;background-color:transparent}.elementor-widget-text-editor:not(.elementor-drop-cap-view-default) .elementor-drop-cap{margin-top:8px}.elementor-widget-text-editor:not(.elementor-drop-cap-view-default) .elementor-drop-cap-letter{width:1em;height:1em}.elementor-widget-text-editor .elementor-drop-cap{float:left;text-align:center;line-height:1;font-size:50px}.elementor-widget-text-editor .elementor-drop-cap-letter{display:inline-block}<\/style>\t\t\t\t<p>En <strong>Freeport Logistics SAS<\/strong> nos encargamos de manejar tus entregas terrestres desde y hacia los<br \/>diferentes puertos del pa\u00eds, garantizando excelentes tiempos de entrega y un servicio confiable.<\/p>\t\t\t\t\t\t<\/div>\n\t\t\t\t<\/div>\n\t\t\t\t\t<\/div>\n\t\t<\/div>\n\t\t\t\t\t\t\t<\/div>\n\t\t<\/section>\n\t\t\t\t<section class=\"elementor-section elementor-top-section elementor-element elementor-element-be7b759 elementor-section-boxed elementor-section-height-default elementor-section-height-default\" data-id=\"be7b759\" data-element_type=\"section\">\n\t\t\t\t\t\t\t<div class=\"elementor-background-overlay\"><\/div>\n\t\t\t\t\t\t\t<div class=\"elementor-container elementor-column-gap-default\">\n\t\t\t\t\t<div class=\"elementor-column elementor-col-50 elementor-top-column elementor-element elementor-element-63b0814\" data-id=\"63b0814\" data-element_type=\"column\">\n\t\t\t<div class=\"elementor-widget-wrap elementor-element-populated\">\n\t\t\t\t\t\t\t\t<div class=\"elementor-element elementor-element-eea3375 elementor-widget elementor-widget-image\" data-id=\"eea3375\" data-element_type=\"widget\" data-widget_type=\"image.default\">\n\t\t\t\t<div class=\"elementor-widget-container\">\n\t\t\t<style>\/*! elementor - v3.12.1 - 02-04-2023 *\/\n.elementor-widget-image{text-align:center}.elementor-widget-image a{display:inline-block}.elementor-widget-image a img[src$=\".svg\"]{width:48px}.elementor-widget-image img{vertical-align:middle;display:inline-block}<\/style>\t\t\t\t\t\t\t\t\t\t\t\t<img loading=\"lazy\" decoding=\"async\" width=\"1280\" height=\"721\" src=\"https:\/\/freeportlogistics.co\/wp-content\/uploads\/2026\/02\/IMG_5.jpg\" class=\"attachment-full size-full wp-image-3149\" alt=\"\" srcset=\"https:\/\/freeportlogistics.co\/wp-content\/uploads\/2026\/02\/IMG_5.jpg 1280w, https:\/\/freeportlogistics.co\/wp-content\/uploads\/2026\/02\/IMG_5-300x169.jpg 300w, https:\/\/freeportlogistics.co\/wp-content\/uploads\/2026\/02\/IMG_5-1024x577.jpg 1024w, https:\/\/freeportlogistics.co\/wp-content\/uploads\/2026\/02\/IMG_5-768x433.jpg 768w\" sizes=\"(max-width: 1280px) 100vw, 1280px\" \/>\t\t\t\t\t\t\t\t\t\t\t\t\t\t\t<\/div>\n\t\t\t\t<\/div>\n\t\t\t\t<div class=\"elementor-element elementor-element-cfc3b29 elementor-widget elementor-widget-text-editor\" data-id=\"cfc3b29\" data-element_type=\"widget\" data-widget_type=\"text-editor.default\">\n\t\t\t\t<div class=\"elementor-widget-container\">\n\t\t\t\t\t\t\t<div class=\"elementor-element elementor-element-ef64ed2 elementor-widget elementor-widget-text-editor\" data-id=\"ef64ed2\" data-element_type=\"widget\" data-widget_type=\"text-editor.default\"><div class=\"elementor-widget-container\"><p><b>Nuestros diferenciales incluyen:<\/b><\/p><\/div><\/div><div class=\"elementor-element elementor-element-90b4d76 elementor-widget elementor-widget-text-editor\" data-id=\"90b4d76\" data-element_type=\"widget\" data-widget_type=\"text-editor.default\"><div class=\"elementor-widget-container\"><ul><li>Ofrecemos un servicio consolidado y expreso, consolidado terrestre desde Bogot\u00e1 y sus alrededores hacia Cartagena y Buenaventura<\/li><li>Contamos con una amplia cobertura, asegurando que tus env\u00edos lleguen a su destino en cualquier parte del pa\u00eds.<\/li><li>Proveedores de confianza y certificados, garantizando, seguridad e integridad durante todo el proceso.<\/li><\/ul><\/div><\/div>\t\t\t\t\t\t<\/div>\n\t\t\t\t<\/div>\n\t\t\t\t<div class=\"elementor-element elementor-element-bb00ab3 elementor-widget-divider--view-line elementor-widget elementor-widget-divider\" data-id=\"bb00ab3\" data-element_type=\"widget\" data-widget_type=\"divider.default\">\n\t\t\t\t<div class=\"elementor-widget-container\">\n\t\t\t<style>\/*! elementor - v3.12.1 - 02-04-2023 *\/\n.elementor-widget-divider{--divider-border-style:none;--divider-border-width:1px;--divider-color:#0c0d0e;--divider-icon-size:20px;--divider-element-spacing:10px;--divider-pattern-height:24px;--divider-pattern-size:20px;--divider-pattern-url:none;--divider-pattern-repeat:repeat-x}.elementor-widget-divider .elementor-divider{display:flex}.elementor-widget-divider .elementor-divider__text{font-size:15px;line-height:1;max-width:95%}.elementor-widget-divider .elementor-divider__element{margin:0 var(--divider-element-spacing);flex-shrink:0}.elementor-widget-divider .elementor-icon{font-size:var(--divider-icon-size)}.elementor-widget-divider .elementor-divider-separator{display:flex;margin:0;direction:ltr}.elementor-widget-divider--view-line_icon .elementor-divider-separator,.elementor-widget-divider--view-line_text .elementor-divider-separator{align-items:center}.elementor-widget-divider--view-line_icon .elementor-divider-separator:after,.elementor-widget-divider--view-line_icon .elementor-divider-separator:before,.elementor-widget-divider--view-line_text .elementor-divider-separator:after,.elementor-widget-divider--view-line_text .elementor-divider-separator:before{display:block;content:\"\";border-bottom:0;flex-grow:1;border-top:var(--divider-border-width) var(--divider-border-style) var(--divider-color)}.elementor-widget-divider--element-align-left .elementor-divider .elementor-divider-separator>.elementor-divider__svg:first-of-type{flex-grow:0;flex-shrink:100}.elementor-widget-divider--element-align-left .elementor-divider-separator:before{content:none}.elementor-widget-divider--element-align-left .elementor-divider__element{margin-left:0}.elementor-widget-divider--element-align-right .elementor-divider .elementor-divider-separator>.elementor-divider__svg:last-of-type{flex-grow:0;flex-shrink:100}.elementor-widget-divider--element-align-right .elementor-divider-separator:after{content:none}.elementor-widget-divider--element-align-right .elementor-divider__element{margin-right:0}.elementor-widget-divider:not(.elementor-widget-divider--view-line_text):not(.elementor-widget-divider--view-line_icon) .elementor-divider-separator{border-top:var(--divider-border-width) var(--divider-border-style) var(--divider-color)}.elementor-widget-divider--separator-type-pattern{--divider-border-style:none}.elementor-widget-divider--separator-type-pattern.elementor-widget-divider--view-line .elementor-divider-separator,.elementor-widget-divider--separator-type-pattern:not(.elementor-widget-divider--view-line) .elementor-divider-separator:after,.elementor-widget-divider--separator-type-pattern:not(.elementor-widget-divider--view-line) .elementor-divider-separator:before,.elementor-widget-divider--separator-type-pattern:not([class*=elementor-widget-divider--view]) .elementor-divider-separator{width:100%;min-height:var(--divider-pattern-height);-webkit-mask-size:var(--divider-pattern-size) 100%;mask-size:var(--divider-pattern-size) 100%;-webkit-mask-repeat:var(--divider-pattern-repeat);mask-repeat:var(--divider-pattern-repeat);background-color:var(--divider-color);-webkit-mask-image:var(--divider-pattern-url);mask-image:var(--divider-pattern-url)}.elementor-widget-divider--no-spacing{--divider-pattern-size:auto}.elementor-widget-divider--bg-round{--divider-pattern-repeat:round}.rtl .elementor-widget-divider .elementor-divider__text{direction:rtl}.e-con-inner>.elementor-widget-divider,.e-con>.elementor-widget-divider{width:var(--container-widget-width,100%);--flex-grow:var(--container-widget-flex-grow)}<\/style>\t\t<div class=\"elementor-divider\">\n\t\t\t<span class=\"elementor-divider-separator\">\n\t\t\t\t\t\t<\/span>\n\t\t<\/div>\n\t\t\t\t<\/div>\n\t\t\t\t<\/div>\n\t\t\t\t\t<\/div>\n\t\t<\/div>\n\t\t\t\t<div class=\"elementor-column elementor-col-50 elementor-top-column elementor-element elementor-element-c77f216\" data-id=\"c77f216\" data-element_type=\"column\">\n\t\t\t<div class=\"elementor-widget-wrap elementor-element-populated\">\n\t\t\t\t\t\t\t\t<div class=\"elementor-element elementor-element-8d873be elementor-widget elementor-widget-image\" data-id=\"8d873be\" data-element_type=\"widget\" data-widget_type=\"image.default\">\n\t\t\t\t<div class=\"elementor-widget-container\">\n\t\t\t\t\t\t\t\t\t\t\t\t\t\t\t<img loading=\"lazy\" decoding=\"async\" width=\"1280\" height=\"721\" src=\"https:\/\/freeportlogistics.co\/wp-content\/uploads\/2026\/02\/IMG_6.jpg\" class=\"attachment-full size-full wp-image-3150\" alt=\"\" srcset=\"https:\/\/freeportlogistics.co\/wp-content\/uploads\/2026\/02\/IMG_6.jpg 1280w, https:\/\/freeportlogistics.co\/wp-content\/uploads\/2026\/02\/IMG_6-300x169.jpg 300w, https:\/\/freeportlogistics.co\/wp-content\/uploads\/2026\/02\/IMG_6-1024x577.jpg 1024w, https:\/\/freeportlogistics.co\/wp-content\/uploads\/2026\/02\/IMG_6-768x433.jpg 768w\" sizes=\"(max-width: 1280px) 100vw, 1280px\" \/>\t\t\t\t\t\t\t\t\t\t\t\t\t\t\t<\/div>\n\t\t\t\t<\/div>\n\t\t\t\t<div class=\"elementor-element elementor-element-fca6636 elementor-widget elementor-widget-text-editor\" data-id=\"fca6636\" data-element_type=\"widget\" data-widget_type=\"text-editor.default\">\n\t\t\t\t<div class=\"elementor-widget-container\">\n\t\t\t\t\t\t\t<div class=\"elementor-element elementor-element-ef64ed2 elementor-widget elementor-widget-text-editor\" data-id=\"ef64ed2\" data-element_type=\"widget\" data-widget_type=\"text-editor.default\"><div class=\"elementor-widget-container\"><p><b>Estrategia y tarifas que optimizan tu inversi\u00f3n:<\/b><\/p><\/div><\/div><div class=\"elementor-element elementor-element-90b4d76 elementor-widget elementor-widget-text-editor\" data-id=\"90b4d76\" data-element_type=\"widget\" data-widget_type=\"text-editor.default\"><div class=\"elementor-widget-container\"><ul><li>Mantenemos acuerdos especiales con nuestros proveedores, lo que nos permite ofrecerte tarifas competitivas y un servicio de alta calidad y acompa\u00f1amiento constante.<\/li><li>Proporcionamos asesor\u00eda log\u00edstica profesional integral, brind\u00e1ndote apoyo y orientaci\u00f3n en cada paso del proceso para garantizar el \u00e9xito de cada una de las operaciones.<\/li><\/ul><\/div><\/div>\t\t\t\t\t\t<\/div>\n\t\t\t\t<\/div>\n\t\t\t\t<div class=\"elementor-element elementor-element-c986f77 elementor-widget-divider--view-line elementor-widget elementor-widget-divider\" data-id=\"c986f77\" data-element_type=\"widget\" data-widget_type=\"divider.default\">\n\t\t\t\t<div class=\"elementor-widget-container\">\n\t\t\t\t\t<div class=\"elementor-divider\">\n\t\t\t<span class=\"elementor-divider-separator\">\n\t\t\t\t\t\t<\/span>\n\t\t<\/div>\n\t\t\t\t<\/div>\n\t\t\t\t<\/div>\n\t\t\t\t\t<\/div>\n\t\t<\/div>\n\t\t\t\t\t\t\t<\/div>\n\t\t<\/section>\n\t\t\t\t\t\t\t<\/div>\n\t\t","protected":false},"excerpt":{"rendered":"<p>En Freeport Logistics SAS nos encargamos de manejar tus entregas terrestres desde y hacia losdiferentes puertos del pa\u00eds, garantizando excelentes tiempos de entrega y un servicio confiable. Nuestros diferenciales incluyen: Ofrecemos un servicio consolidado y expreso, consolidado terrestre desde Bogot\u00e1 y sus alrededores hacia Cartagena y Buenaventura Contamos con una amplia cobertura, asegurando que tus &hellip;<\/p>\n<p class=\"read-more\"> <a class=\"\" href=\"https:\/\/freeportlogistics.co\/index.php\/transporte-terrestre\/\"> <span class=\"screen-reader-text\">Transporte terrestre<\/span> Leer m\u00e1s &raquo;<\/a><\/p>\n","protected":false},"author":1,"featured_media":0,"parent":0,"menu_order":0,"comment_status":"closed","ping_status":"closed","template":"","meta":{"site-sidebar-layout":"no-sidebar","site-content-layout":"page-builder","ast-global-header-display":"","ast-main-header-display":"","ast-hfb-above-header-display":"","ast-hfb-below-header-display":"","ast-hfb-mobile-header-display":"","site-post-title":"disabled","ast-breadcrumbs-content":"","ast-featured-img":"disabled","footer-sml-layout":"","theme-transparent-header-meta":"","adv-header-id-meta":"","stick-header-meta":"","header-above-stick-meta":"","header-main-stick-meta":"","header-below-stick-meta":"","_joinchat":[],"footnotes":""},"class_list":["post-1355","page","type-page","status-publish","hentry"],"yoast_head":"<!-- This site is optimized with the Yoast SEO plugin v23.5 - https:\/\/yoast.com\/wordpress\/plugins\/seo\/ -->\n<title>Transporte terrestre<\/title>\n<meta name=\"description\" content=\"En Freeport Logistics SAS nos encargamos de manejar tus entregas terrestres desde y hacia los diferentes puertos del pa\u00eds, garantizando excelentes tiempos de entrega y un servicio confiable\" \/>\n<meta name=\"robots\" content=\"index, follow, max-snippet:-1, max-image-preview:large, max-video-preview:-1\" \/>\n<link rel=\"canonical\" href=\"https:\/\/freeportlogistics.co\/index.php\/transporte-terrestre\/\" \/>\n<meta property=\"og:locale\" content=\"es_ES\" \/>\n<meta property=\"og:type\" content=\"article\" \/>\n<meta property=\"og:title\" content=\"Transporte terrestre\" \/>\n<meta property=\"og:description\" content=\"En Freeport Logistics SAS nos encargamos de manejar tus entregas terrestres desde y hacia los diferentes puertos del pa\u00eds, garantizando excelentes tiempos de entrega y un servicio confiable\" \/>\n<meta property=\"og:url\" content=\"https:\/\/freeportlogistics.co\/index.php\/transporte-terrestre\/\" \/>\n<meta property=\"og:site_name\" content=\"freeportlogistics.co\" \/>\n<meta property=\"article:modified_time\" content=\"2026-02-04T00:09:10+00:00\" \/>\n<meta property=\"og:image\" content=\"http:\/\/freeportlogistics.co\/wp-content\/uploads\/2026\/02\/IMG_5.jpg\" \/>\n<meta name=\"twitter:card\" content=\"summary_large_image\" \/>\n<meta name=\"twitter:label1\" content=\"Tiempo de lectura\" \/>\n\t<meta name=\"twitter:data1\" content=\"2 minutos\" \/>\n<script type=\"application\/ld+json\" class=\"yoast-schema-graph\">{\"@context\":\"https:\/\/schema.org\",\"@graph\":[{\"@type\":\"WebPage\",\"@id\":\"https:\/\/freeportlogistics.co\/index.php\/transporte-terrestre\/\",\"url\":\"https:\/\/freeportlogistics.co\/index.php\/transporte-terrestre\/\",\"name\":\"Transporte terrestre\",\"isPartOf\":{\"@id\":\"https:\/\/freeportlogistics.co\/#website\"},\"primaryImageOfPage\":{\"@id\":\"https:\/\/freeportlogistics.co\/index.php\/transporte-terrestre\/#primaryimage\"},\"image\":{\"@id\":\"https:\/\/freeportlogistics.co\/index.php\/transporte-terrestre\/#primaryimage\"},\"thumbnailUrl\":\"http:\/\/freeportlogistics.co\/wp-content\/uploads\/2026\/02\/IMG_5.jpg\",\"datePublished\":\"2023-04-20T01:44:27+00:00\",\"dateModified\":\"2026-02-04T00:09:10+00:00\",\"description\":\"En Freeport Logistics SAS nos encargamos de manejar tus entregas terrestres desde y hacia los diferentes puertos del pa\u00eds, garantizando excelentes tiempos de entrega y un servicio confiable\",\"breadcrumb\":{\"@id\":\"https:\/\/freeportlogistics.co\/index.php\/transporte-terrestre\/#breadcrumb\"},\"inLanguage\":\"es-CO\",\"potentialAction\":[{\"@type\":\"ReadAction\",\"target\":[\"https:\/\/freeportlogistics.co\/index.php\/transporte-terrestre\/\"]}]},{\"@type\":\"ImageObject\",\"inLanguage\":\"es-CO\",\"@id\":\"https:\/\/freeportlogistics.co\/index.php\/transporte-terrestre\/#primaryimage\",\"url\":\"https:\/\/freeportlogistics.co\/wp-content\/uploads\/2026\/02\/IMG_5.jpg\",\"contentUrl\":\"https:\/\/freeportlogistics.co\/wp-content\/uploads\/2026\/02\/IMG_5.jpg\",\"width\":1280,\"height\":721},{\"@type\":\"BreadcrumbList\",\"@id\":\"https:\/\/freeportlogistics.co\/index.php\/transporte-terrestre\/#breadcrumb\",\"itemListElement\":[{\"@type\":\"ListItem\",\"position\":1,\"name\":\"Inicio\",\"item\":\"https:\/\/freeportlogistics.co\/\"},{\"@type\":\"ListItem\",\"position\":2,\"name\":\"Transporte terrestre\"}]},{\"@type\":\"WebSite\",\"@id\":\"https:\/\/freeportlogistics.co\/#website\",\"url\":\"https:\/\/freeportlogistics.co\/\",\"name\":\"freeportlogistics.co\",\"description\":\"Unimos destinos, conectamos negocios\",\"publisher\":{\"@id\":\"https:\/\/freeportlogistics.co\/#organization\"},\"alternateName\":\"Freeport Logistics\",\"potentialAction\":[{\"@type\":\"SearchAction\",\"target\":{\"@type\":\"EntryPoint\",\"urlTemplate\":\"https:\/\/freeportlogistics.co\/?s={search_term_string}\"},\"query-input\":{\"@type\":\"PropertyValueSpecification\",\"valueRequired\":true,\"valueName\":\"search_term_string\"}}],\"inLanguage\":\"es-CO\"},{\"@type\":\"Organization\",\"@id\":\"https:\/\/freeportlogistics.co\/#organization\",\"name\":\"Freeport Logistics\",\"url\":\"https:\/\/freeportlogistics.co\/\",\"logo\":{\"@type\":\"ImageObject\",\"inLanguage\":\"es-CO\",\"@id\":\"https:\/\/freeportlogistics.co\/#\/schema\/logo\/image\/\",\"url\":\"https:\/\/freeportlogistics.co\/wp-content\/uploads\/2023\/04\/cropped-cropped-LOGO.png\",\"contentUrl\":\"https:\/\/freeportlogistics.co\/wp-content\/uploads\/2023\/04\/cropped-cropped-LOGO.png\",\"width\":509,\"height\":492,\"caption\":\"Freeport Logistics\"},\"image\":{\"@id\":\"https:\/\/freeportlogistics.co\/#\/schema\/logo\/image\/\"},\"sameAs\":[\"https:\/\/www.instagram.com\/freeport.logistics\/?igsh=czU4OWdkYjZuMDJl\"]}]}<\/script>\n<!-- \/ Yoast SEO plugin. -->","yoast_head_json":{"title":"Transporte terrestre","description":"En Freeport Logistics SAS nos encargamos de manejar tus entregas terrestres desde y hacia los diferentes puertos del pa\u00eds, garantizando excelentes tiempos de entrega y un servicio confiable","robots":{"index":"index","follow":"follow","max-snippet":"max-snippet:-1","max-image-preview":"max-image-preview:large","max-video-preview":"max-video-preview:-1"},"canonical":"https:\/\/freeportlogistics.co\/index.php\/transporte-terrestre\/","og_locale":"es_ES","og_type":"article","og_title":"Transporte terrestre","og_description":"En Freeport Logistics SAS nos encargamos de manejar tus entregas terrestres desde y hacia los diferentes puertos del pa\u00eds, garantizando excelentes tiempos de entrega y un servicio confiable","og_url":"https:\/\/freeportlogistics.co\/index.php\/transporte-terrestre\/","og_site_name":"freeportlogistics.co","article_modified_time":"2026-02-04T00:09:10+00:00","og_image":[{"url":"http:\/\/freeportlogistics.co\/wp-content\/uploads\/2026\/02\/IMG_5.jpg"}],"twitter_card":"summary_large_image","twitter_misc":{"Tiempo de lectura":"2 minutos"},"schema":{"@context":"https:\/\/schema.org","@graph":[{"@type":"WebPage","@id":"https:\/\/freeportlogistics.co\/index.php\/transporte-terrestre\/","url":"https:\/\/freeportlogistics.co\/index.php\/transporte-terrestre\/","name":"Transporte terrestre","isPartOf":{"@id":"https:\/\/freeportlogistics.co\/#website"},"primaryImageOfPage":{"@id":"https:\/\/freeportlogistics.co\/index.php\/transporte-terrestre\/#primaryimage"},"image":{"@id":"https:\/\/freeportlogistics.co\/index.php\/transporte-terrestre\/#primaryimage"},"thumbnailUrl":"http:\/\/freeportlogistics.co\/wp-content\/uploads\/2026\/02\/IMG_5.jpg","datePublished":"2023-04-20T01:44:27+00:00","dateModified":"2026-02-04T00:09:10+00:00","description":"En Freeport Logistics SAS nos encargamos de manejar tus entregas terrestres desde y hacia los diferentes puertos del pa\u00eds, garantizando excelentes tiempos de entrega y un servicio confiable","breadcrumb":{"@id":"https:\/\/freeportlogistics.co\/index.php\/transporte-terrestre\/#breadcrumb"},"inLanguage":"es-CO","potentialAction":[{"@type":"ReadAction","target":["https:\/\/freeportlogistics.co\/index.php\/transporte-terrestre\/"]}]},{"@type":"ImageObject","inLanguage":"es-CO","@id":"https:\/\/freeportlogistics.co\/index.php\/transporte-terrestre\/#primaryimage","url":"https:\/\/freeportlogistics.co\/wp-content\/uploads\/2026\/02\/IMG_5.jpg","contentUrl":"https:\/\/freeportlogistics.co\/wp-content\/uploads\/2026\/02\/IMG_5.jpg","width":1280,"height":721},{"@type":"BreadcrumbList","@id":"https:\/\/freeportlogistics.co\/index.php\/transporte-terrestre\/#breadcrumb","itemListElement":[{"@type":"ListItem","position":1,"name":"Inicio","item":"https:\/\/freeportlogistics.co\/"},{"@type":"ListItem","position":2,"name":"Transporte terrestre"}]},{"@type":"WebSite","@id":"https:\/\/freeportlogistics.co\/#website","url":"https:\/\/freeportlogistics.co\/","name":"freeportlogistics.co","description":"Unimos destinos, conectamos negocios","publisher":{"@id":"https:\/\/freeportlogistics.co\/#organization"},"alternateName":"Freeport Logistics","potentialAction":[{"@type":"SearchAction","target":{"@type":"EntryPoint","urlTemplate":"https:\/\/freeportlogistics.co\/?s={search_term_string}"},"query-input":{"@type":"PropertyValueSpecification","valueRequired":true,"valueName":"search_term_string"}}],"inLanguage":"es-CO"},{"@type":"Organization","@id":"https:\/\/freeportlogistics.co\/#organization","name":"Freeport Logistics","url":"https:\/\/freeportlogistics.co\/","logo":{"@type":"ImageObject","inLanguage":"es-CO","@id":"https:\/\/freeportlogistics.co\/#\/schema\/logo\/image\/","url":"https:\/\/freeportlogistics.co\/wp-content\/uploads\/2023\/04\/cropped-cropped-LOGO.png","contentUrl":"https:\/\/freeportlogistics.co\/wp-content\/uploads\/2023\/04\/cropped-cropped-LOGO.png","width":509,"height":492,"caption":"Freeport Logistics"},"image":{"@id":"https:\/\/freeportlogistics.co\/#\/schema\/logo\/image\/"},"sameAs":["https:\/\/www.instagram.com\/freeport.logistics\/?igsh=czU4OWdkYjZuMDJl"]}]}},"_links":{"self":[{"href":"https:\/\/freeportlogistics.co\/index.php\/wp-json\/wp\/v2\/pages\/1355"}],"collection":[{"href":"https:\/\/freeportlogistics.co\/index.php\/wp-json\/wp\/v2\/pages"}],"about":[{"href":"https:\/\/freeportlogistics.co\/index.php\/wp-json\/wp\/v2\/types\/page"}],"author":[{"embeddable":true,"href":"https:\/\/freeportlogistics.co\/index.php\/wp-json\/wp\/v2\/users\/1"}],"replies":[{"embeddable":true,"href":"https:\/\/freeportlogistics.co\/index.php\/wp-json\/wp\/v2\/comments?post=1355"}],"version-history":[{"count":64,"href":"https:\/\/freeportlogistics.co\/index.php\/wp-json\/wp\/v2\/pages\/1355\/revisions"}],"predecessor-version":[{"id":3153,"href":"https:\/\/freeportlogistics.co\/index.php\/wp-json\/wp\/v2\/pages\/1355\/revisions\/3153"}],"wp:attachment":[{"href":"https:\/\/freeportlogistics.co\/index.php\/wp-json\/wp\/v2\/media?parent=1355"}],"curies":[{"name":"wp","href":"https:\/\/api.w.org\/{rel}","templated":true}]}}